{"id":2753,"date":"2025-12-14T11:43:59","date_gmt":"2025-12-14T11:43:59","guid":{"rendered":"https:\/\/hairbrazil.co\/?post_type=product&#038;p=2753"},"modified":"2026-04-29T11:52:02","modified_gmt":"2026-04-29T11:52:02","slug":"cronograma-capilar-treatment-kit","status":"publish","type":"product","link":"https:\/\/hairbrazil.co\/pt\/produto\/cronograma-capilar-treatment-kit\/","title":{"rendered":"Kit de tratamento do Cronograma Capilar"},"content":{"rendered":"<p>A maneira como voc\u00ea usa o tratamento com o Cronograma Capilar depende da condi\u00e7\u00e3o de seu cabelo. Abaixo est\u00e1 um gr\u00e1fico simples que mostra os est\u00e1gios necess\u00e1rios, dependendo da condi\u00e7\u00e3o de seu cabelo.<\/p>\n<p>&nbsp;<\/p>\n<p><strong>Cabelo levemente danificado:<\/strong> (Aguarde 48 horas entre os tratamentos)<\/p>\n<ul>\n<li>Semana 1: Hidrata\u00e7\u00e3o - Hidrata\u00e7\u00e3o - Nutri\u00e7\u00e3o<\/li>\n<li>Semana 2: Hidrata\u00e7\u00e3o - Nutri\u00e7\u00e3o - Hidrata\u00e7\u00e3o<\/li>\n<li>Semana 3: Hidrata\u00e7\u00e3o - Hidrata\u00e7\u00e3o - Nutri\u00e7\u00e3o<\/li>\n<li>Semana 4: Hidrata\u00e7\u00e3o - Nutri\u00e7\u00e3o - Reconstru\u00e7\u00e3o<\/li>\n<\/ul>\n<p><strong>Cabelos levemente danificados:<\/strong> (Aguarde 48 horas entre os tratamentos)<\/p>\n<ul>\n<li>Semana 1: Hidrata\u00e7\u00e3o - Nutri\u00e7\u00e3o - Hidrata\u00e7\u00e3o<\/li>\n<li>Semana 2: Hidrata\u00e7\u00e3o - Hidrata\u00e7\u00e3o - Nutri\u00e7\u00e3o<\/li>\n<li>Semana 3: Hidrata\u00e7\u00e3o - Nutri\u00e7\u00e3o - Hidrata\u00e7\u00e3o<\/li>\n<li>Semana 4: Hidrata\u00e7\u00e3o - Nutri\u00e7\u00e3o - Reconstru\u00e7\u00e3o<\/li>\n<\/ul>\n<p><strong>Cabelos danificados:<\/strong> (Aguarde 48 horas entre os tratamentos)<\/p>\n<ul>\n<li>Semana 1: Hidrata\u00e7\u00e3o - Nutri\u00e7\u00e3o - Reconstru\u00e7\u00e3o<\/li>\n<li>Semana 2: Nutri\u00e7\u00e3o - Hidrata\u00e7\u00e3o - Nutri\u00e7\u00e3o<\/li>\n<li>Semana 3: Hidrata\u00e7\u00e3o - Nutri\u00e7\u00e3o - Reconstru\u00e7\u00e3o<\/li>\n<li>Semana 4: Hidrata\u00e7\u00e3o - Hidrata\u00e7\u00e3o - Nutri\u00e7\u00e3o<\/li>\n<\/ul>\n<p>&nbsp;<\/p>\n<p>Por que n\u00e3o ler nosso <strong><a href=\"https:\/\/hairbrazil.co\/pt\/cronograma-capilar-hair-schedule\/\" target=\"_blank\" rel=\"noopener\">Blog sobre Hair Brazil Cosmetics Cronograma Capilar Tratamentos<\/a>.<\/strong> Isso realmente far\u00e1 com que voc\u00ea entenda muito mais sobre esse tratamento incr\u00edvel, que com certeza lhe proporcionar\u00e1 resultados surpreendentes.<\/p>","protected":false},"excerpt":{"rendered":"<p>O Kit de Tratamento Cronograma Capilar da Hair Brazil Cosmetics \u00e9 um sistema completo de tratamento profissional desenvolvido para restaurar a for\u00e7a, a hidrata\u00e7\u00e3o e o brilho dos cabelos. O tratamento segue tr\u00eas etapas essenciais: Hidrata\u00e7\u00e3o, Nutri\u00e7\u00e3o e Reconstru\u00e7\u00e3o. O processo de tratamento do Cronograma Capilar da Hair Brazil Cosmetics foi desenvolvido para trabalhar em harmonia com o seu cabelo e, juntos, voc\u00eas poder\u00e3o reequilibrar e reparar os cabelos danificados com nossas instru\u00e7\u00f5es f\u00e1ceis de seguir. De fato, o cronograma completo pode ser conclu\u00eddo em aproximadamente 4 semanas, proporcionando resultados vis\u00edveis e saud\u00e1veis. Se voc\u00ea quiser saber mais sobre o processo de tratamento e como usar esse produto incr\u00edvel, leia nosso Blog em <a href=\"https:\/\/hairbrazil.co\/pt\/cronograma-capilar-hair-schedule\/\" target=\"_blank\" rel=\"noopener\"><strong>Tratamento do Cronograma Capilar<\/strong><\/a><\/p>\n<ul>\n<li>Hidrata\u00e7\u00e3o:<strong> Restaura a umidade, a maciez e o brilho, melhorando a elasticidade.<\/strong><\/li>\n<\/ul>\n<ul>\n<li>Nutri\u00e7\u00e3o: <strong>Benef\u00edcios: Rep\u00f5e os lip\u00eddios, reduz o frizz e melhora a maciez e a maleabilidade.<\/strong><\/li>\n<\/ul>\n<ul>\n<li>Reconstru\u00e7\u00e3o: <strong>Benef\u00edcios: Fortalece a fibra capilar, repara danos e reduz a quebra.<\/strong><\/li>\n<\/ul>\n<p><strong><a href=\"https:\/\/hairbrazil.co\/pt\/cronograma-capilar-hair-schedule\/\">Hair Brazil Cosmetics Cronograma Capilar Recipientes de tratamento:<\/a><\/strong><\/p>\n<ol>\n<li>Deep Repair 150g<\/li>\n<li>Infus\u00e3o profunda 150g<\/li>\n<li>Nutri\u00e7\u00e3o profunda 150g<\/li>\n<\/ol>","protected":false},"featured_media":2754,"comment_status":"open","ping_status":"closed","template":"","meta":{"_iconic_wsb_product_page_order_bump_ids":[[]],"_sku":["CCTK-1"],"_iconic_wsb_product_page_bump_modal_ids":[[]]},"product_brand":[],"product_cat":[94,89],"product_tag":[48],"class_list":{"0":"post-2753","1":"product","2":"type-product","3":"status-publish","4":"has-post-thumbnail","6":"product_cat-hair-treatment","7":"product_cat-home-care-line","8":"product_tag-hair","10":"first","11":"instock","12":"shipping-taxable","13":"purchasable","14":"product-type-simple"},"jetpack_sharing_enabled":true,"_links":{"self":[{"href":"https:\/\/hairbrazil.co\/pt\/wp-json\/wp\/v2\/product\/2753","targetHints":{"allow":["GET"]}}],"collection":[{"href":"https:\/\/hairbrazil.co\/pt\/wp-json\/wp\/v2\/product"}],"about":[{"href":"https:\/\/hairbrazil.co\/pt\/wp-json\/wp\/v2\/types\/product"}],"replies":[{"embeddable":true,"href":"https:\/\/hairbrazil.co\/pt\/wp-json\/wp\/v2\/comments?post=2753"}],"wp:featuredmedia":[{"embeddable":true,"href":"https:\/\/hairbrazil.co\/pt\/wp-json\/wp\/v2\/media\/2754"}],"wp:attachment":[{"href":"https:\/\/hairbrazil.co\/pt\/wp-json\/wp\/v2\/media?parent=2753"}],"wp:term":[{"taxonomy":"product_brand","embeddable":true,"href":"https:\/\/hairbrazil.co\/pt\/wp-json\/wp\/v2\/product_brand?post=2753"},{"taxonomy":"product_cat","embeddable":true,"href":"https:\/\/hairbrazil.co\/pt\/wp-json\/wp\/v2\/product_cat?post=2753"},{"taxonomy":"product_tag","embeddable":true,"href":"https:\/\/hairbrazil.co\/pt\/wp-json\/wp\/v2\/product_tag?post=2753"}],"curies":[{"name":"wp","href":"https:\/\/api.w.org\/{rel}","templated":true}]}}