{"id":2564,"date":"2025-11-09T16:43:44","date_gmt":"2025-11-09T16:43:44","guid":{"rendered":"https:\/\/hairbrazil.co\/?post_type=product&#038;p=2564"},"modified":"2026-03-27T17:20:21","modified_gmt":"2026-03-27T17:20:21","slug":"curl-boost-curl-activator-cream","status":"publish","type":"product","link":"https:\/\/hairbrazil.co\/pt\/produto\/curl-boost-curl-activator-cream\/","title":{"rendered":"Creme Ativador de Cachos Curl Boost"},"content":{"rendered":"<p><strong>Modo de usar:<\/strong><\/p>\n<ul>\n<li>Nos cabelos limpos, secos ou \u00famidos, aplique uma quantidade de ativador de cachos na palma das m\u00e3os e espalhe do comprimento \u00e0s pontas, colando mecha a mecha. N\u00e3o enx\u00e1gue.<\/li>\n<\/ul>\n<p><strong>Ingredientes principais:<\/strong><\/p>\n<ul>\n<li><strong>\u00d3leo de coco:<\/strong> Esse \u00f3leo natural \u00e9 conhecido por suas propriedades hidratantes e nutritivas. Ele ajuda a fortalecer o cabelo, evitar a quebra e dar brilho.<\/li>\n<li><strong>\u00d3leo de abacate:<\/strong> Esse \u00f3leo \u00e9 rico em vitaminas e \u00e1cidos graxos que ajudam a nutrir e hidratar o cabelo, deixando-o mais macio e brilhante.<\/li>\n<li><strong>Col\u00e1geno hidrolisado<\/strong>: Esse ingrediente ajuda a fortalecer o cabelo, aumentar sua elasticidade e reduzir a quebra.<\/li>\n<li><strong>Manteiga de Karit\u00e9:<\/strong> Nutre e amacia o cabelo, tornando-o mais flex\u00edvel e resistente a danos.<\/li>\n<li><strong>Acetato de tocoferol (vitamina E)<\/strong>: Esse \u00e9 um poderoso antioxidante que ajuda a proteger o cabelo dos danos causados pelos radicais livres.<\/li>\n<\/ul>\n<p><strong>Benef\u00edcios:<\/strong><\/p>\n<ul>\n<li><strong>Proporciona cabelos macios e flex\u00edveis:<\/strong> Ajuda a desembara\u00e7ar o cabelo, tornando-o macio e flex\u00edvel.<\/li>\n<li><strong>Hidrata\u00e7\u00e3o profunda para cabelos extremamente secos:<\/strong> A presen\u00e7a de \u00f3leo de coco, abacate e glicerina na f\u00f3rmula do produto ajuda a proporcionar hidrata\u00e7\u00e3o intensa. O \u00f3leo de coco \u00e9 conhecido por suas propriedades hidratantes, enquanto o \u00f3leo de abacate \u00e9 rico em vitaminas e \u00e1cidos graxos que nutrem e hidratam profundamente os cabelos.<\/li>\n<\/ul>\n<p>&nbsp;<\/p>\n<p>&nbsp;<\/p>","protected":false},"excerpt":{"rendered":"<p><strong>Curl Boost da Hair Brazil Cosmetics<\/strong> \u00e9 especialmente desenvolvido para cabelos cacheados, atuando como um <strong>ativador de cachos e nutriente profundo<\/strong>. Sua f\u00f3rmula rica e restauradora aprimora a defini\u00e7\u00e3o dos cachos e melhora a sa\u00fade geral do cabelo.<\/p>\n<p>Infundido com <strong>\u00d3leo de coco<\/strong> para estimular a circula\u00e7\u00e3o e apoiar o crescimento natural, <strong>Extrato de abacate<\/strong> para combater o ressecamento, e <strong>Col\u00e1geno vegetal<\/strong> para fortalecer e hidratar desde o interior - o Curl Boost revitaliza cada fio. Adicionado <strong>Vitamina E<\/strong>, um poderoso antioxidante, ajuda a evitar a quebra, o embotamento e os danos causados pelos radicais livres.<\/p>\n<p>O resultado? <strong>Cachos macios, definidos e resistentes<\/strong> com um brilho saud\u00e1vel e natural, cheio de vida e beleza brasileira.<\/p>\n<ul>\n<li>Superalimenta o cabelo macio e flex\u00edvel<\/li>\n<li>Para cabelos extremamente secos<\/li>\n<li>Rico em ativos: \u00d3leo de Coco, Abacate, Col\u00e1geno Vegetal e Vitamina E<\/li>\n<\/ul>","protected":false},"featured_media":2566,"comment_status":"open","ping_status":"closed","template":"","meta":{"_iconic_wsb_product_page_order_bump_ids":[[]],"_sku":["CBCC-1"],"_iconic_wsb_product_page_bump_modal_ids":[[]]},"product_brand":[],"product_cat":[87,89],"product_tag":[35,92,48],"class_list":{"0":"post-2564","1":"product","2":"type-product","3":"status-publish","4":"has-post-thumbnail","6":"product_cat-curly-hair","7":"product_cat-home-care-line","8":"product_tag-cosmetics","9":"product_tag-curly-hair","10":"product_tag-hair","12":"first","13":"instock","14":"shipping-taxable","15":"purchasable","16":"product-type-simple"},"jetpack_sharing_enabled":true,"_links":{"self":[{"href":"https:\/\/hairbrazil.co\/pt\/wp-json\/wp\/v2\/product\/2564","targetHints":{"allow":["GET"]}}],"collection":[{"href":"https:\/\/hairbrazil.co\/pt\/wp-json\/wp\/v2\/product"}],"about":[{"href":"https:\/\/hairbrazil.co\/pt\/wp-json\/wp\/v2\/types\/product"}],"replies":[{"embeddable":true,"href":"https:\/\/hairbrazil.co\/pt\/wp-json\/wp\/v2\/comments?post=2564"}],"wp:featuredmedia":[{"embeddable":true,"href":"https:\/\/hairbrazil.co\/pt\/wp-json\/wp\/v2\/media\/2566"}],"wp:attachment":[{"href":"https:\/\/hairbrazil.co\/pt\/wp-json\/wp\/v2\/media?parent=2564"}],"wp:term":[{"taxonomy":"product_brand","embeddable":true,"href":"https:\/\/hairbrazil.co\/pt\/wp-json\/wp\/v2\/product_brand?post=2564"},{"taxonomy":"product_cat","embeddable":true,"href":"https:\/\/hairbrazil.co\/pt\/wp-json\/wp\/v2\/product_cat?post=2564"},{"taxonomy":"product_tag","embeddable":true,"href":"https:\/\/hairbrazil.co\/pt\/wp-json\/wp\/v2\/product_tag?post=2564"}],"curies":[{"name":"wp","href":"https:\/\/api.w.org\/{rel}","templated":true}]}}