{"id":2167,"date":"2025-11-03T22:11:15","date_gmt":"2025-11-03T22:11:15","guid":{"rendered":"https:\/\/hairbrazil.co\/?post_type=product&#038;p=2167"},"modified":"2025-12-31T14:06:54","modified_gmt":"2025-12-31T14:06:54","slug":"moroccan-treatment-shampoo","status":"publish","type":"product","link":"https:\/\/hairbrazil.co\/pt\/produto\/moroccan-treatment-shampoo\/","title":{"rendered":"Xampu de tratamento marroquino"},"content":{"rendered":"<p><strong>Como usar:<\/strong><\/p>\n<p>Aplique o xampu de limpeza profunda Moroccan 1 nos cabelos molhados, massageando suavemente o couro cabeludo e os fios. Enx\u00e1gue bem. Em seguida, aplique o Moroccan Smoothing Treatment nos cabelos, da raiz \u00e0s pontas, deixando um espa\u00e7o de 0,5 cm a partir do couro cabeludo. Deixe agir por 20 a 30 minutos, enx\u00e1gue bem, seque com o secador e passe a chapinha em cada se\u00e7\u00e3o do cabelo.<\/p>\n<p>&nbsp;<\/p>\n<p><strong>Principais ativos:<\/strong><\/p>\n<p><strong>Pantenol:<\/strong> Trata-se de uma forma de vitamina B5, que ajuda a hidratar o cabelo, alisando as cut\u00edculas e aumentando o brilho.<\/p>\n<p><strong>Col\u00e1geno:<\/strong> Esse ingrediente ajuda a fortalecer o cabelo, aumentar sua elasticidade e reduzir a quebra.<\/p>\n<p><strong>\u00d3leo de coco:<\/strong> Esse \u00f3leo natural \u00e9 conhecido por suas propriedades hidratantes e nutritivas. Ele ajuda a fortalecer o cabelo, evitar a quebra e dar brilho.<\/p>\n<p>&nbsp;<\/p>\n<p><strong>Benef\u00edcios:<\/strong><\/p>\n<p><strong>Limpeza profunda:<\/strong> O xampu Moroccan 1 remove todos os res\u00edduos e purifica o cabelo, deixando-o com uma sensa\u00e7\u00e3o de frescor por mais tempo.<\/p>\n<p><strong>Elimina\u00e7\u00e3o do frizz:<\/strong> O Moroccan Smoothing Treatment foi formulado para eliminar o frizz desde a primeira aplica\u00e7\u00e3o. Ele cont\u00e9m agentes condicionantes que ajudam a neutralizar a eletricidade est\u00e1tica, evitando o frizz e deixando os cabelos mais macios e f\u00e1ceis de pentear.<\/p>\n<p><strong>Recupera\u00e7\u00e3o completa e nutri\u00e7\u00e3o dos cabelos: <\/strong>O Moroccan Smoothing Treatment cont\u00e9m ingredientes ativos essenciais para a recupera\u00e7\u00e3o e a nutri\u00e7\u00e3o completas dos cabelos.<\/p>\n<p><strong>Mant\u00e9m o brilho e a maciez:<\/strong> Esses produtos proporcionam brilho e maciez aos cabelos.<\/p>\n<p><strong>Principais benef\u00edcios:<\/strong><\/p>\n<ul>\n<li>Limpa profundamente sem remover a umidade<\/li>\n<li>Prepara o cabelo para um tratamento intensivo de alisamento<\/li>\n<li>Promove maciez e brilho<\/li>\n<\/ul>","protected":false},"excerpt":{"rendered":"<p><strong>Xampu Moroccan (sem formalde\u00eddo)<\/strong><\/p>\n<p>O Shampoo Moroccan Deep Cleansing purifica suavemente e prepara o cabelo para o tratamento, removendo o ac\u00famulo e abrindo a cut\u00edcula do cabelo. Essa primeira etapa essencial garante a absor\u00e7\u00e3o m\u00e1xima dos ingredientes ativos, deixando o cabelo limpo, revigorado e pronto para uma repara\u00e7\u00e3o profunda.<\/p>\n<ul>\n<li>Extreme Kera Protein Brilho e maciez<\/li>\n<\/ul>\n<p>Ideal para todos os tipos de cabelo, especialmente cabelos crespos ou tratados<\/p>","protected":false},"featured_media":2162,"comment_status":"open","ping_status":"closed","template":"","meta":{"_iconic_wsb_product_page_order_bump_ids":[[]],"_sku":["PRO-MTS-1"],"_iconic_wsb_product_page_bump_modal_ids":[[]]},"product_brand":[],"product_cat":[90],"product_tag":[48],"class_list":{"0":"post-2167","1":"product","2":"type-product","3":"status-publish","4":"has-post-thumbnail","6":"product_cat-pro-care-line","7":"product_tag-hair","9":"first","10":"instock","11":"shipping-taxable","12":"purchasable","13":"product-type-simple"},"jetpack_sharing_enabled":true,"_links":{"self":[{"href":"https:\/\/hairbrazil.co\/pt\/wp-json\/wp\/v2\/product\/2167","targetHints":{"allow":["GET"]}}],"collection":[{"href":"https:\/\/hairbrazil.co\/pt\/wp-json\/wp\/v2\/product"}],"about":[{"href":"https:\/\/hairbrazil.co\/pt\/wp-json\/wp\/v2\/types\/product"}],"replies":[{"embeddable":true,"href":"https:\/\/hairbrazil.co\/pt\/wp-json\/wp\/v2\/comments?post=2167"}],"wp:featuredmedia":[{"embeddable":true,"href":"https:\/\/hairbrazil.co\/pt\/wp-json\/wp\/v2\/media\/2162"}],"wp:attachment":[{"href":"https:\/\/hairbrazil.co\/pt\/wp-json\/wp\/v2\/media?parent=2167"}],"wp:term":[{"taxonomy":"product_brand","embeddable":true,"href":"https:\/\/hairbrazil.co\/pt\/wp-json\/wp\/v2\/product_brand?post=2167"},{"taxonomy":"product_cat","embeddable":true,"href":"https:\/\/hairbrazil.co\/pt\/wp-json\/wp\/v2\/product_cat?post=2167"},{"taxonomy":"product_tag","embeddable":true,"href":"https:\/\/hairbrazil.co\/pt\/wp-json\/wp\/v2\/product_tag?post=2167"}],"curies":[{"name":"wp","href":"https:\/\/api.w.org\/{rel}","templated":true}]}}