{"id":2147,"date":"2025-11-03T20:41:03","date_gmt":"2025-11-03T20:41:03","guid":{"rendered":"https:\/\/hairbrazil.co\/?post_type=product&#038;p=2147"},"modified":"2026-04-26T07:36:44","modified_gmt":"2026-04-26T07:36:44","slug":"extreme-deep-reconstruction-treatment-kit","status":"publish","type":"product","link":"https:\/\/hairbrazil.co\/pt\/produto\/extreme-deep-reconstruction-treatment-kit\/","title":{"rendered":"Kit de Tratamento de Reconstru\u00e7\u00e3o Profunda Extrema"},"content":{"rendered":"<p><strong>Como usar:<\/strong><\/p>\n<p>Ap\u00f3s o processo de lavagem dos cabelos, seque os cabelos com uma toalha 60%. Adicione 10 ml de Biogel Keratin + 10 ml de Ultra Keratin + 10 ml de Repair Premium. Misture tudo e aplique nos cabelos massageando suavemente, penteie e deixe agir por cerca de 10 a 15 minutos. Enx\u00e1gue o tratamento em \u00e1gua corrente, seque o cabelo com secador, divida-o em quatro partes, passe a chapinha e, come\u00e7ando pela nuca, separe o cabelo em mechas bem finas, repetindo pelo menos tr\u00eas vezes. Arrume o cabelo como desejar.<\/p>\n<p>&nbsp;<\/p>\n<p><strong>Ingredientes principais:<\/strong><\/p>\n<ul>\n<li><strong>Prote\u00edna de queratina:<\/strong> Fortalece e resiste a danos.<\/li>\n<li><strong>Extrato de a\u00e7a\u00ed:<\/strong> Protege e nutre.<\/li>\n<li><strong>Prote\u00edna de soja:<\/strong> Ret\u00e9m a umidade, fortalece e amacia os cabelos.<\/li>\n<li><strong>Col\u00e1geno:<\/strong> Fortalece e melhora a elasticidade.<\/li>\n<li><strong>Pantenol:<\/strong> Hidrata profundamente e promove o crescimento.<\/li>\n<li><strong>\u00d3leo de semente de uva:<\/strong> Nutre, fortalece, promove o crescimento do cabelo, evita a quebra e trata a caspa.<\/li>\n<li><strong>Extrato de Acerola:<\/strong> Ajuda a reduzir a oleosidade do cabelo, tem propriedades antioxidantes e hidratantes.<\/li>\n<\/ul>\n<p>&nbsp;<\/p>\n<p><strong>Benef\u00edcios:<\/strong><\/p>\n<ul>\n<li><strong>For\u00e7a m\u00e1xima:<\/strong> O kit fortalece seu cabelo, tornando-o mais forte e menos propenso \u00e0 quebra.<\/li>\n<li><strong>Preven\u00e7\u00e3o de danos:<\/strong> Ele oferece uma camada protetora contra poss\u00edveis danos ao cabelo, mantendo seus fios saud\u00e1veis e vibrantes.<\/li>\n<li><strong>Brilho luxuoso:<\/strong> O tratamento proporciona um brilho luxuoso, real\u00e7ando a beleza natural de seus cabelos.<\/li>\n<li><strong>Promove a recupera\u00e7\u00e3o:<\/strong> Ajuda na recupera\u00e7\u00e3o de cabelos quimicamente tratados, restaurando seu estado natural.<\/li>\n<li><strong>Aumenta a resist\u00eancia:<\/strong> O kit aumenta a resist\u00eancia de seu cabelo aos danos, garantindo vitalidade duradoura.<\/li>\n<\/ul>","protected":false},"excerpt":{"rendered":"<p><strong>Restaurar a for\u00e7a, o brilho e a vitalidade<\/strong><\/p>\n<p>Reviva seus cabelos com o Extreme Deep Reconstruction Treatment, uma f\u00f3rmula restauradora intensiva desenvolvida para reparar, proteger e fortalecer os cabelos danificados desde o interior. Esse tratamento de n\u00edvel profissional penetra profundamente em cada fio para reconstruir a estrutura, melhorar a elasticidade e restaurar a vitalidade natural.<\/p>\n<p>Infundido com poderosos ingredientes reconstrutores e protetores, ele ajuda a prevenir danos futuros e promove resili\u00eancia, maciez e brilho duradouros, deixando seu cabelo visivelmente mais saud\u00e1vel, mais forte e mais luxuoso a cada uso.<\/p>\n<p><strong>Principais benef\u00edcios:<\/strong><\/p>\n<ul>\n<li>Repara e reconstr\u00f3i as fibras capilares danificadas<\/li>\n<li>Fortalece e fortifica para evitar quebras futuras<\/li>\n<li>Restaura a maciez, o brilho e a maleabilidade<\/li>\n<li>Aumenta a elasticidade e a resist\u00eancia geral do cabelo<\/li>\n<\/ul>\n<p><strong>Perfeito para:<\/strong><\/p>\n<p>Cabelos secos, fracos ou quimicamente tratados que precisam de reparo profundo, nutri\u00e7\u00e3o e prote\u00e7\u00e3o duradoura.<\/p>","protected":false},"featured_media":2149,"comment_status":"open","ping_status":"closed","template":"","meta":{"_iconic_wsb_product_page_order_bump_ids":[[]],"_sku":["PRO-EDRTK-1"],"_iconic_wsb_product_page_bump_modal_ids":[[]]},"product_brand":[],"product_cat":[90],"product_tag":[48],"class_list":{"0":"post-2147","1":"product","2":"type-product","3":"status-publish","4":"has-post-thumbnail","6":"product_cat-pro-care-line","7":"product_tag-hair","9":"first","10":"instock","11":"shipping-taxable","12":"purchasable","13":"product-type-simple"},"jetpack_sharing_enabled":true,"_links":{"self":[{"href":"https:\/\/hairbrazil.co\/pt\/wp-json\/wp\/v2\/product\/2147","targetHints":{"allow":["GET"]}}],"collection":[{"href":"https:\/\/hairbrazil.co\/pt\/wp-json\/wp\/v2\/product"}],"about":[{"href":"https:\/\/hairbrazil.co\/pt\/wp-json\/wp\/v2\/types\/product"}],"replies":[{"embeddable":true,"href":"https:\/\/hairbrazil.co\/pt\/wp-json\/wp\/v2\/comments?post=2147"}],"wp:featuredmedia":[{"embeddable":true,"href":"https:\/\/hairbrazil.co\/pt\/wp-json\/wp\/v2\/media\/2149"}],"wp:attachment":[{"href":"https:\/\/hairbrazil.co\/pt\/wp-json\/wp\/v2\/media?parent=2147"}],"wp:term":[{"taxonomy":"product_brand","embeddable":true,"href":"https:\/\/hairbrazil.co\/pt\/wp-json\/wp\/v2\/product_brand?post=2147"},{"taxonomy":"product_cat","embeddable":true,"href":"https:\/\/hairbrazil.co\/pt\/wp-json\/wp\/v2\/product_cat?post=2147"},{"taxonomy":"product_tag","embeddable":true,"href":"https:\/\/hairbrazil.co\/pt\/wp-json\/wp\/v2\/product_tag?post=2147"}],"curies":[{"name":"wp","href":"https:\/\/api.w.org\/{rel}","templated":true}]}}