{"id":2127,"date":"2025-11-03T18:32:34","date_gmt":"2025-11-03T18:32:34","guid":{"rendered":"https:\/\/hairbrazil.co\/?post_type=product&#038;p=2127"},"modified":"2025-12-31T14:08:47","modified_gmt":"2025-12-31T14:08:47","slug":"liquid-keratin","status":"publish","type":"product","link":"https:\/\/hairbrazil.co\/pt\/produto\/liquid-keratin\/","title":{"rendered":"Queratina l\u00edquida"},"content":{"rendered":"<div class=\"how_to_use\">\n<p><strong class=\"subtitulo seta-para-baixo seta-para-cima\">Como usar:<\/strong><\/p>\n<ul>\n<li>Com os cabelos limpos e secos, agite bem o Booster L\u00edquido Restaurador de Queratina antes de usar. Ap\u00f3s lavar o cabelo, remova suavemente o excesso de umidade com uma toalha e aplique o produto por todo o cabelo, da raiz \u00e0s pontas. Massageie suavemente para garantir uma cobertura uniforme. Deixe o produto agir por aproximadamente 8 minutos. Enx\u00e1gue completamente. Pode ser usado como tratamento pr\u00e9-escova ou pr\u00e9-chapinha, seguindo o processo usual de secagem ou finaliza\u00e7\u00e3o.<\/li>\n<\/ul>\n<\/div>\n<div class=\"actives\">\n<p><strong>Ingredientes principais:<\/strong><\/p>\n<ul>\n<li><strong>Pantenol:<\/strong> Trata-se de uma forma de vitamina B5, que ajuda a hidratar o cabelo, alisando as cut\u00edculas e aumentando o brilho.<\/li>\n<li><strong>\u00d3leo de Castanha-do-Brasil<\/strong> Este \u00f3leo \u00e9 rico em sel\u00eanio e vitamina E, que ajudam a nutrir e hidratar os cabelos, deixando-os mais macios e brilhantes.<\/li>\n<li><strong>\u00d3leo de macad\u00e2mia:<\/strong> Este \u00f3leo \u00e9 rico em \u00e1cidos graxos, que ajudam a nutrir e hidratar os cabelos, deixando-os mais macios e brilhantes.<\/li>\n<li><strong>\u00d3leo de palma:<\/strong> Esse \u00f3leo \u00e9 rico em vitamina E e \u00e1cidos graxos, que ajudam a nutrir e hidratar o cabelo, deixando-o mais macio e brilhante.<\/li>\n<li><strong>\u00c1cido l\u00e1ctico:<\/strong> Este ingrediente ajuda a equilibrar o pH do cabelo, promovendo a sa\u00fade do couro cabeludo e ajudando a selar as cut\u00edculas capilares para reter a umidade.<\/li>\n<li><strong>Queratina hidrolisada:<\/strong> Este ingrediente ajuda a fortalecer os cabelos, aumentar sua elasticidade e reduzir a quebra. A queratina \u00e9 uma prote\u00edna que comp\u00f5e a estrutura dos fios e rep\u00f4-la ajuda a reconstruir e fortalecer os cabelos danificados.<\/li>\n<\/ul>\n<p><strong class=\"subtitulo seta-para-baixo seta-para-cima\">Benef\u00edcios:<\/strong><\/p>\n<ul>\n<li><strong>Reconstru\u00e7\u00e3o Profunda Capilar:<\/strong> O Booster Restaurador L\u00edquido de Queratina \u00e9 formulado para proporcionar reconstru\u00e7\u00e3o capilar profunda. Ele cont\u00e9m queratina hidrolisada, uma prote\u00edna que ajuda a reparar e fortalecer os cabelos.<\/li>\n<li><strong>Hidrata\u00e7\u00e3o Intensa e Prote\u00e7\u00e3o T\u00e9rmica:<\/strong> O Booster Restaurador de Queratina L\u00edquida oferece hidrata\u00e7\u00e3o intensa para os cabelos, ajudando a mant\u00ea-los hidratados e saud\u00e1veis. Ele tamb\u00e9m oferece prote\u00e7\u00e3o t\u00e9rmica, protegendo os fios contra os danos causados pelo calor de aparelhos de modelagem, como secadores e chapinhas.<\/li>\n<li><strong>Melhora a Elasticidade dos Cabelos e Reduz o Frizz e Pontas Duplas:<\/strong> Este produto ajuda a melhorar a elasticidade dos cabelos, tornando-os mais flex\u00edveis e resistentes \u00e0 quebra. Ele tamb\u00e9m ajuda a reduzir o frizz e as pontas duplas, deixando os cabelos com um aspecto mais liso e saud\u00e1vel.<\/li>\n<\/ul>\n<p>&nbsp;<\/p>\n<ul>\n<li><strong>Reconstr\u00f3i e fortalece profundamente cabelos danificados<\/strong><\/li>\n<li><strong>Proporciona hidrata\u00e7\u00e3o intensa e suavidade<\/strong><\/li>\n<li><strong>Protege contra o calor e o estresse ambiental<\/strong><\/li>\n<li><strong>Melhora a elasticidade para fios mais saud\u00e1veis e flex\u00edveis<\/strong><\/li>\n<li><strong>Reduz o frizz e as pontas duplas para um acabamento polido<\/strong><\/li>\n<\/ul>\n<\/div>","protected":false},"excerpt":{"rendered":"<div class=\"how_to_use\">\n<p><strong>Queratina L\u00edquida \u2013 Tratamento Capilar Reconstrutor Avan\u00e7ado<\/strong><\/p>\n<p>Revitalize seus cabelos com <strong>Queratina l\u00edquida<\/strong>, um tratamento potente e multifuncional, desenvolvido para restaurar for\u00e7a, brilho e maciez de dentro para fora. Enriquecida com queratina premium e ingredientes nutritivos, esta f\u00f3rmula vers\u00e1til reconstr\u00f3i e hidrata profundamente cada fio, melhorando a elasticidade e a resist\u00eancia.<\/p>\n<p>Seu cabelo est\u00e1 seco, danificado ou exposto a tratamentos t\u00e9rmicos, <strong>Queratina l\u00edquida<\/strong> entrega prote\u00e7\u00e3o duradoura e um acabamento visivelmente mais liso. Ele domina o frizz, sela as pontas duplas e deixa seus cabelos sedosos, fortes e cheios de vida.<\/p>\n<p><strong>Principais benef\u00edcios:<\/strong><\/p>\n<ul>\n<li>Reconstru\u00e7\u00e3o Profunda<\/li>\n<li>Hidrata\u00e7\u00e3o Intensa<\/li>\n<li>Prote\u00edna T\u00e9rmica<\/li>\n<li>Elasticidade Capilar<\/li>\n<li>Reduz o frizz e as pontas duplas<\/li>\n<\/ul>\n<p>Perfeito para quem busca repara\u00e7\u00e3o de qualidade de sal\u00e3o e brilho duradouro em casa.<\/p>\n<\/div>\n<div class=\"benefits\"><\/div>","protected":false},"featured_media":2128,"comment_status":"open","ping_status":"closed","template":"","meta":{"_iconic_wsb_product_page_order_bump_ids":[[]],"_sku":["LK-1"],"_iconic_wsb_product_page_bump_modal_ids":[[]]},"product_brand":[],"product_cat":[94,89],"product_tag":[48],"class_list":{"0":"post-2127","1":"product","2":"type-product","3":"status-publish","4":"has-post-thumbnail","6":"product_cat-hair-treatment","7":"product_cat-home-care-line","8":"product_tag-hair","10":"first","11":"instock","12":"shipping-taxable","13":"purchasable","14":"product-type-simple"},"jetpack_sharing_enabled":true,"_links":{"self":[{"href":"https:\/\/hairbrazil.co\/pt\/wp-json\/wp\/v2\/product\/2127","targetHints":{"allow":["GET"]}}],"collection":[{"href":"https:\/\/hairbrazil.co\/pt\/wp-json\/wp\/v2\/product"}],"about":[{"href":"https:\/\/hairbrazil.co\/pt\/wp-json\/wp\/v2\/types\/product"}],"replies":[{"embeddable":true,"href":"https:\/\/hairbrazil.co\/pt\/wp-json\/wp\/v2\/comments?post=2127"}],"wp:featuredmedia":[{"embeddable":true,"href":"https:\/\/hairbrazil.co\/pt\/wp-json\/wp\/v2\/media\/2128"}],"wp:attachment":[{"href":"https:\/\/hairbrazil.co\/pt\/wp-json\/wp\/v2\/media?parent=2127"}],"wp:term":[{"taxonomy":"product_brand","embeddable":true,"href":"https:\/\/hairbrazil.co\/pt\/wp-json\/wp\/v2\/product_brand?post=2127"},{"taxonomy":"product_cat","embeddable":true,"href":"https:\/\/hairbrazil.co\/pt\/wp-json\/wp\/v2\/product_cat?post=2127"},{"taxonomy":"product_tag","embeddable":true,"href":"https:\/\/hairbrazil.co\/pt\/wp-json\/wp\/v2\/product_tag?post=2127"}],"curies":[{"name":"wp","href":"https:\/\/api.w.org\/{rel}","templated":true}]}}