{"id":2124,"date":"2025-11-03T18:31:04","date_gmt":"2025-11-03T18:31:04","guid":{"rendered":"https:\/\/hairbrazil.co\/?post_type=product&#038;p=2124"},"modified":"2026-03-01T10:00:36","modified_gmt":"2026-03-01T10:00:36","slug":"miracle-touch","status":"publish","type":"product","link":"https:\/\/hairbrazil.co\/pt\/produto\/miracle-touch\/","title":{"rendered":"Toque milagroso"},"content":{"rendered":"<p><strong>Como usar:<\/strong><\/p>\n<ul>\n<li>Aplique uma quantidade generosa de Miracle Touch nos cabelos e penteie. Modele o cabelo como desejar.<\/li>\n<\/ul>\n<p><strong>Ingredientes principais:<\/strong><\/p>\n<ul>\n<li><strong>\u00d3leo de Castanha do Par\u00e1:<\/strong> Nutre profundamente, conferindo brilho e maciez aos cabelos.<\/li>\n<li><strong>Murumuru:<\/strong> Restaura a elasticidade natural do cabelo, reduzindo o frizz e tornando-o mais male\u00e1vel.<\/li>\n<li><strong>\u00c1cido l\u00e1ctico:<\/strong> Ajuda a equilibrar o pH do cabelo, promovendo sa\u00fade e brilho.<\/li>\n<li><strong>\u00d3leo de coco:<\/strong> Hidrata intensamente, fortalecendo e protegendo os fios contra danos.<\/li>\n<li><strong>Glicina:<\/strong> Um amino\u00e1cido que auxilia na repara\u00e7\u00e3o de danos na estrutura capilar, proporcionando for\u00e7a e resili\u00eancia.<\/li>\n<\/ul>\n<p><strong>Benef\u00edcios:<\/strong><\/p>\n<ul>\n<li><strong>Elimina\u00e7\u00e3o do frizz:<\/strong> O Tratamento Miracle Touch \u00e9 formulado para eliminar o frizz desde a primeira aplica\u00e7\u00e3o. Cont\u00e9m agentes condicionantes que ajudam a neutralizar a eletricidade est\u00e1tica, prevenindo o frizz e deixando os cabelos mais lisos e f\u00e1ceis de manejar.<\/li>\n<li><strong>Recupera\u00e7\u00e3o completa e nutri\u00e7\u00e3o dos cabelos:<\/strong> O Tratamento Miracle Touch cont\u00e9m ingredientes ativos essenciais para a recupera\u00e7\u00e3o completa e nutri\u00e7\u00e3o dos cabelos. Nutre cada fio, reestrutura, revitaliza e protege as fibras capilares.<\/li>\n<li><strong>Brilho e Maciez:<\/strong> Este produto proporciona brilho e maciez aos cabelos. Ele desembara\u00e7a, ao mesmo tempo que protege os cabelos contra a quebra, deixando-os macios e sedosos.<\/li>\n<li><strong>Prote\u00e7\u00e3o da cor:<\/strong> Mantenha a cor vibrante do seu cabelo e evite o desbotamento.<\/li>\n<\/ul>\n<ul>\n<li>Repara e fortalece cabelos danificados<\/li>\n<li>Nutre profundamente e revitaliza cada fio<\/li>\n<li>Protege contra quebra e estresse ambiental<\/li>\n<li>Desembara\u00e7a instantaneamente para um estilo mais f\u00e1cil<\/li>\n<li>Deixa o cabelo macio, liso e brilhante<\/li>\n<\/ul>","protected":false},"excerpt":{"rendered":"<p><strong>Miracle Touch \u2013 Spray Reparador com Prote\u00edna<\/strong><\/p>\n<p>Transforme seu cabelo com <strong>Toque milagroso<\/strong>, um spray de tratamento vers\u00e1til e rico em prote\u00ednas, projetado para restaurar a vitalidade e a for\u00e7a de fios secos e danificados. Esta f\u00f3rmula avan\u00e7ada nutre da raiz \u00e0s pontas, reestruturando e revitalizando a fibra capilar para um visual e toque mais saud\u00e1veis e resilientes.<\/p>\n<p>A cada uso, <strong>Toque milagroso<\/strong> desembara\u00e7a sem esfor\u00e7o, reduz a quebra e protege seus cabelos dos estressores di\u00e1rios. O resultado? Cabelos sedosos, macios e radiantes que parecem t\u00e3o saud\u00e1veis quanto se sentem.<\/p>\n<p><strong>Principais benef\u00edcios:<\/strong><\/p>\n<ul>\n<li>Prote\u00e7\u00e3o T\u00e9rmica<\/li>\n<li>Brilho e Controle de Frizz<\/li>\n<li>Ajuda a Prevenir Pontas Duplas<\/li>\n<li>Ajuda a Selar as Cut\u00edculas do Cabelo<\/li>\n<li>Cives um Acabamento Sedoso<\/li>\n<li>Secagem R\u00e1pida<\/li>\n<li>Seguro para Cabelos com Colora\u00e7\u00e3o<\/li>\n<li>Seguro para Cabelo Ombr\u00e9<\/li>\n<\/ul>\n<p>Perfeito para todos os tipos de cabelo que precisam de um impulso restaurador.<\/p>","protected":false},"featured_media":2125,"comment_status":"open","ping_status":"closed","template":"","meta":{"_iconic_wsb_product_page_order_bump_ids":[[]],"_sku":["MT-1"],"_iconic_wsb_product_page_bump_modal_ids":[[]]},"product_brand":[],"product_cat":[94,89],"product_tag":[48],"class_list":{"0":"post-2124","1":"product","2":"type-product","3":"status-publish","4":"has-post-thumbnail","6":"product_cat-hair-treatment","7":"product_cat-home-care-line","8":"product_tag-hair","10":"first","11":"instock","12":"shipping-taxable","13":"purchasable","14":"product-type-simple"},"jetpack_sharing_enabled":true,"_links":{"self":[{"href":"https:\/\/hairbrazil.co\/pt\/wp-json\/wp\/v2\/product\/2124","targetHints":{"allow":["GET"]}}],"collection":[{"href":"https:\/\/hairbrazil.co\/pt\/wp-json\/wp\/v2\/product"}],"about":[{"href":"https:\/\/hairbrazil.co\/pt\/wp-json\/wp\/v2\/types\/product"}],"replies":[{"embeddable":true,"href":"https:\/\/hairbrazil.co\/pt\/wp-json\/wp\/v2\/comments?post=2124"}],"wp:featuredmedia":[{"embeddable":true,"href":"https:\/\/hairbrazil.co\/pt\/wp-json\/wp\/v2\/media\/2125"}],"wp:attachment":[{"href":"https:\/\/hairbrazil.co\/pt\/wp-json\/wp\/v2\/media?parent=2124"}],"wp:term":[{"taxonomy":"product_brand","embeddable":true,"href":"https:\/\/hairbrazil.co\/pt\/wp-json\/wp\/v2\/product_brand?post=2124"},{"taxonomy":"product_cat","embeddable":true,"href":"https:\/\/hairbrazil.co\/pt\/wp-json\/wp\/v2\/product_cat?post=2124"},{"taxonomy":"product_tag","embeddable":true,"href":"https:\/\/hairbrazil.co\/pt\/wp-json\/wp\/v2\/product_tag?post=2124"}],"curies":[{"name":"wp","href":"https:\/\/api.w.org\/{rel}","templated":true}]}}