{"id":2121,"date":"2025-11-03T18:28:00","date_gmt":"2025-11-03T18:28:00","guid":{"rendered":"https:\/\/hairbrazil.co\/?post_type=product&#038;p=2121"},"modified":"2026-03-29T21:21:14","modified_gmt":"2026-03-29T21:21:14","slug":"defrizzing-balm","status":"publish","type":"product","link":"https:\/\/hairbrazil.co\/pt\/produto\/defrizzing-balm\/","title":{"rendered":"B\u00e1lsamo Defrizante"},"content":{"rendered":"<div class=\"how_to_use\">\n<p><strong class=\"subtitulo seta-para-baixo seta-para-cima\">Como usar:<\/strong><\/p>\n<ul>\n<li>Aplique uma pequena quantidade do Balm Antifrizz nos cabelos \u00famidos ou secos, concentrando-se nos comprimento e pontas. Modele como desejar.<\/li>\n<\/ul>\n<\/div>\n<div class=\"actives\">\n<p><strong>Ingredientes principais:<\/strong><\/p>\n<ul>\n<li><strong> Queratina Vegetal <\/strong>As propriedades nutritivas tornam a queratina vegetal uma excelente escolha para quem busca revitalizar os cabelos ap\u00f3s danos causados por ferramentas de calor, tratamentos qu\u00edmicos ou agress\u00f5es ambientais.<\/li>\n<li><strong>Col\u00e1geno<\/strong>: Esse ingrediente ajuda a fortalecer o cabelo, aumentar sua elasticidade e reduzir a quebra.<\/li>\n<li><strong> \u00d3leo de argan <\/strong>Fortalece os cabelos, prevenindo a quebra e as pontas duplas<\/li>\n<li><strong>Azeite de Oliva<\/strong>Este \u00f3leo hidrata os cabelos e o couro cabeludo, deixando os cabelos mais macios e brilhantes.<\/li>\n<\/ul>\n<\/div>\n<div class=\"benefits\">\n<p><strong class=\"subtitulo seta-para-baixo seta-para-cima\">Benef\u00edcios:<\/strong><\/p>\n<ul>\n<li><strong> Elimina o frizz: <\/strong>Esse produto foi especialmente formulado para ajudar a selar a cut\u00edcula do cabelo, reduzindo o frizz e deixando o cabelo mais male\u00e1vel.<\/li>\n<li><strong>Efeito suave: <\/strong>Ajuda a alinhar os fios de cabelo, proporcionando um efeito de alisamento e deixando o cabelo mais liso e macio.<\/li>\n<li><strong> Proporciona um brilho saud\u00e1vel e duradouro: <\/strong>Esse produto protege os fios de cabelo, proporcionando nutri\u00e7\u00e3o e brilho saud\u00e1vel de longa dura\u00e7\u00e3o.<\/li>\n<\/ul>\n<\/div>","protected":false},"excerpt":{"rendered":"<p><strong>Balm Antifrizz \u2013 Suaviza, Nutre e D\u00e1 Brilho<\/strong><\/p>\n<p>Diga adeus ao frizz com <strong>B\u00e1lsamo Defrizante<\/strong>, um tratamento especialmente formulado que oferece maciez e brilho duradouros. Enriquecido com ingredientes ativos naturais, este b\u00e1lsamo leve nutre e protege cada fio, deixando seus cabelos macios, male\u00e1veis e lindamente sedosos.<\/p>\n<p>Projetado para combater a umidade e o ressecamento, <strong>B\u00e1lsamo Defrizante<\/strong> real\u00e7a a textura natural do seu cabelo, adicionando um acabamento saud\u00e1vel e radiante que dura o dia todo.<\/p>","protected":false},"featured_media":2122,"comment_status":"open","ping_status":"closed","template":"","meta":{"_iconic_wsb_product_page_order_bump_ids":[[]],"_sku":["DB-1"],"_iconic_wsb_product_page_bump_modal_ids":[[]]},"product_brand":[],"product_cat":[94,89],"product_tag":[48],"class_list":{"0":"post-2121","1":"product","2":"type-product","3":"status-publish","4":"has-post-thumbnail","6":"product_cat-hair-treatment","7":"product_cat-home-care-line","8":"product_tag-hair","10":"first","11":"instock","12":"shipping-taxable","13":"purchasable","14":"product-type-simple"},"jetpack_sharing_enabled":true,"_links":{"self":[{"href":"https:\/\/hairbrazil.co\/pt\/wp-json\/wp\/v2\/product\/2121","targetHints":{"allow":["GET"]}}],"collection":[{"href":"https:\/\/hairbrazil.co\/pt\/wp-json\/wp\/v2\/product"}],"about":[{"href":"https:\/\/hairbrazil.co\/pt\/wp-json\/wp\/v2\/types\/product"}],"replies":[{"embeddable":true,"href":"https:\/\/hairbrazil.co\/pt\/wp-json\/wp\/v2\/comments?post=2121"}],"wp:featuredmedia":[{"embeddable":true,"href":"https:\/\/hairbrazil.co\/pt\/wp-json\/wp\/v2\/media\/2122"}],"wp:attachment":[{"href":"https:\/\/hairbrazil.co\/pt\/wp-json\/wp\/v2\/media?parent=2121"}],"wp:term":[{"taxonomy":"product_brand","embeddable":true,"href":"https:\/\/hairbrazil.co\/pt\/wp-json\/wp\/v2\/product_brand?post=2121"},{"taxonomy":"product_cat","embeddable":true,"href":"https:\/\/hairbrazil.co\/pt\/wp-json\/wp\/v2\/product_cat?post=2121"},{"taxonomy":"product_tag","embeddable":true,"href":"https:\/\/hairbrazil.co\/pt\/wp-json\/wp\/v2\/product_tag?post=2121"}],"curies":[{"name":"wp","href":"https:\/\/api.w.org\/{rel}","templated":true}]}}