{"id":2118,"date":"2025-11-03T18:10:49","date_gmt":"2025-11-03T18:10:49","guid":{"rendered":"https:\/\/hairbrazil.co\/?post_type=product&#038;p=2118"},"modified":"2026-02-10T14:19:46","modified_gmt":"2026-02-10T14:19:46","slug":"hair-treatment-argan-oil","status":"publish","type":"product","link":"https:\/\/hairbrazil.co\/pt\/produto\/hair-treatment-argan-oil\/","title":{"rendered":"Tratamento capilar \u00d3leo de Argan"},"content":{"rendered":"<div class=\"how_to_use\">\n<p><strong class=\"subtitulo seta-para-baixo seta-para-cima\">Como usar:<\/strong><\/p>\n<ul>\n<li>\n<p class=\"ReactMarkdownParser_TextContainer__RodgY\" data-testid=\"youchat-text\">Aplique o \u00f3leo de argan no cabelo e modele-o como desejar: seque com secador, chapinha ou deixe secar naturalmente.<\/p>\n<\/li>\n<\/ul>\n<\/div>\n<div class=\"actives\">\n<p><strong>Ingredientes principais:<\/strong><\/p>\n<ul>\n<li><strong>Vitamina E:<\/strong> Ajuda a nutrir o cabelo e a proteg\u00ea-lo contra os danos causados pelos radicais livres.<\/li>\n<li><strong>\u00d3leo de Argan:<\/strong> Esse \u00e9 o \u00f3leo de Argan, conhecido por suas propriedades nutritivas e hidratantes. Ele \u00e9 rico em \u00e1cidos graxos essenciais e vitamina E, que ajudam a melhorar a sa\u00fade e a apar\u00eancia do cabelo.<\/li>\n<\/ul>\n<\/div>\n<div class=\"benefits\">\n<p><strong class=\"subtitulo seta-para-baixo seta-para-cima\">Benef\u00edcios:<\/strong><\/p>\n<ul>\n<li><strong>Restaurando a for\u00e7a e o brilho:<\/strong> O \u00f3leo de argan foi formulado para ajudar a restaurar a for\u00e7a e o brilho do cabelo, melhorando sua sa\u00fade e apar\u00eancia geral.<\/li>\n<li><strong>Nutri\u00e7\u00e3o e hidrata\u00e7\u00e3o:<\/strong> A combina\u00e7\u00e3o de ingredientes, incluindo o \u00f3leo de Argan, nutre e hidrata o cabelo, ajudando a manter a umidade e a evitar o ressecamento.<\/li>\n<li><strong>Efeito anti-frizz:<\/strong> Esse produto tem um efeito antifrizz suave, ajudando a reduzir o frizz e a deixar os cabelos mais macios e f\u00e1ceis de pentear.<\/li>\n<\/ul>\n<\/div>","protected":false},"excerpt":{"rendered":"<p data-start=\"0\" data-end=\"15\"><strong data-start=\"0\" data-end=\"13\">\u00d3leo de Argan<\/strong><\/p>\n<p data-start=\"17\" data-end=\"320\">Experimente o poder restaurador de <strong data-start=\"53\" data-end=\"66\">\u00d3leo de Argan<\/strong>, especialmente formulado para <strong data-start=\"92\" data-end=\"142\">fortalece, nutre e aprimora o brilho natural<\/strong>. Rico em \u00e1cidos graxos essenciais e vitamina E, esse \u00f3leo leve e profundo <strong data-start=\"217\" data-end=\"241\">Hidrata o cabelo<\/strong>, ajudando a <strong data-start=\"254\" data-end=\"271\">reparar danos<\/strong> e restaurar a maciez sem deix\u00e1-la pesada.<\/p>\n<p data-start=\"322\" data-end=\"524\">Perfeito para uso di\u00e1rio, ele proporciona um acabamento suave e sedoso, ao mesmo tempo em que oferece <strong data-start=\"396\" data-end=\"425\">controle anti-frizz suave<\/strong> para todos os tipos de cabelo. O resultado \u00e9 um cabelo com apar\u00eancia saud\u00e1vel, radiante e f\u00e1cil de controlar.<\/p>\n<p data-start=\"526\" data-end=\"545\"><strong data-start=\"526\" data-end=\"543\">Principais benef\u00edcios:<\/strong><\/p>\n<ul data-start=\"546\" data-end=\"802\">\n<li data-start=\"546\" data-end=\"601\">\n<p data-start=\"548\" data-end=\"601\">Ajuda <strong data-start=\"554\" data-end=\"587\">restaurar a for\u00e7a e a vitalidade<\/strong> para o cabelo<\/p>\n<\/li>\n<li data-start=\"602\" data-end=\"654\">\n<p data-start=\"604\" data-end=\"654\">Impulsiona <strong data-start=\"611\" data-end=\"633\">brilho e maciez<\/strong> para um brilho saud\u00e1vel<\/p>\n<\/li>\n<li data-start=\"655\" data-end=\"702\">\n<p data-start=\"657\" data-end=\"702\">Fornece <strong data-start=\"666\" data-end=\"700\">nutri\u00e7\u00e3o e hidrata\u00e7\u00e3o profundas<\/strong><\/p>\n<\/li>\n<li data-start=\"703\" data-end=\"746\">\n<p data-start=\"705\" data-end=\"746\">Ofertas <strong data-start=\"712\" data-end=\"744\">prote\u00e7\u00e3o suave contra o frizz<\/strong><\/p>\n<\/li>\n<li data-start=\"747\" data-end=\"802\">\n<p data-start=\"749\" data-end=\"802\">F\u00f3rmula leve adequada para <strong data-start=\"782\" data-end=\"800\">todos os tipos de cabelo<\/strong><\/p>\n<\/li>\n<\/ul>","protected":false},"featured_media":2119,"comment_status":"open","ping_status":"closed","template":"","meta":{"_iconic_wsb_product_page_order_bump_ids":[[]],"_sku":["HTAO-1"],"_iconic_wsb_product_page_bump_modal_ids":[[]]},"product_brand":[],"product_cat":[96,94,89],"product_tag":[48],"class_list":{"0":"post-2118","1":"product","2":"type-product","3":"status-publish","4":"has-post-thumbnail","6":"product_cat-hair-oil","7":"product_cat-hair-treatment","8":"product_cat-home-care-line","9":"product_tag-hair","11":"first","12":"instock","13":"shipping-taxable","14":"purchasable","15":"product-type-simple"},"jetpack_sharing_enabled":true,"_links":{"self":[{"href":"https:\/\/hairbrazil.co\/pt\/wp-json\/wp\/v2\/product\/2118","targetHints":{"allow":["GET"]}}],"collection":[{"href":"https:\/\/hairbrazil.co\/pt\/wp-json\/wp\/v2\/product"}],"about":[{"href":"https:\/\/hairbrazil.co\/pt\/wp-json\/wp\/v2\/types\/product"}],"replies":[{"embeddable":true,"href":"https:\/\/hairbrazil.co\/pt\/wp-json\/wp\/v2\/comments?post=2118"}],"wp:featuredmedia":[{"embeddable":true,"href":"https:\/\/hairbrazil.co\/pt\/wp-json\/wp\/v2\/media\/2119"}],"wp:attachment":[{"href":"https:\/\/hairbrazil.co\/pt\/wp-json\/wp\/v2\/media?parent=2118"}],"wp:term":[{"taxonomy":"product_brand","embeddable":true,"href":"https:\/\/hairbrazil.co\/pt\/wp-json\/wp\/v2\/product_brand?post=2118"},{"taxonomy":"product_cat","embeddable":true,"href":"https:\/\/hairbrazil.co\/pt\/wp-json\/wp\/v2\/product_cat?post=2118"},{"taxonomy":"product_tag","embeddable":true,"href":"https:\/\/hairbrazil.co\/pt\/wp-json\/wp\/v2\/product_tag?post=2118"}],"curies":[{"name":"wp","href":"https:\/\/api.w.org\/{rel}","templated":true}]}}