{"id":2114,"date":"2025-11-03T18:09:04","date_gmt":"2025-11-03T18:09:04","guid":{"rendered":"https:\/\/hairbrazil.co\/?post_type=product&#038;p=2114"},"modified":"2026-02-17T15:02:50","modified_gmt":"2026-02-17T15:02:50","slug":"hair-treatment-elixir-rose-ultimate-oil","status":"publish","type":"product","link":"https:\/\/hairbrazil.co\/pt\/produto\/hair-treatment-elixir-rose-ultimate-oil\/","title":{"rendered":"Tratamento capilar Elixir Rose Ultimate Oil"},"content":{"rendered":"<p><strong>Como usar:<\/strong><\/p>\n<ul>\n<li>Aplique uma pequena quantidade do Elixir Rose Ultimate Oil na palma das m\u00e3os e distribua pelos cabelos \u00famidos ou secos, concentrando-se nas pontas e nas \u00e1reas mais danificadas. N\u00e3o enx\u00e1gue, deixe secar naturalmente ou use um secador de cabelo. Pode ser usado diariamente.<\/li>\n<\/ul>\n<p><strong>Ingredientes principais:<\/strong><\/p>\n<ul>\n<li>\u00d3leo de Rosa Mosqueta: Esse \u00f3leo \u00e9 rico em \u00e1cidos graxos essenciais e vitamina C, que ajudam a nutrir e hidratar o cabelo, al\u00e9m de proporcionar brilho.<\/li>\n<li>\u00d3leo de buriti: Tamb\u00e9m conhecido como \u00f3leo de buriti, esse \u00f3leo \u00e9 rico em \u00e1cidos graxos essenciais e carotenoides, que ajudam a nutrir o cabelo e a proteg\u00ea-lo dos danos causados pelo sol.<\/li>\n<li>Vitamina E: ajuda a nutrir o cabelo e a proteg\u00ea-lo contra os danos causados pelos radicais livres.<\/li>\n<\/ul>\n<p><strong>Benef\u00edcios:<\/strong><\/p>\n<ul>\n<li>Brilho intenso e duradouro: O Elixir Rose Ultimate Oil proporciona aos cabelos um brilho intenso e duradouro. Ele cont\u00e9m uma mistura de \u00f3leos que nutrem e protegem a fibra capilar.<\/li>\n<li>Nutri\u00e7\u00e3o e prote\u00e7\u00e3o da fibra capilar: O Elixir Rose Ultimate Oil cont\u00e9m uma mistura de \u00f3leos que nutrem e protegem a fibra capilar. \u00c9 adequado para todos os tipos de cabelo, mas especialmente para cabelos fr\u00e1geis com falta de brilho, protegendo-os das agress\u00f5es externas.<\/li>\n<li>Redu\u00e7\u00e3o do frizz: Ajuda a reduzir significativamente o frizz, proporcionando maior controle e disciplina aos cabelos.<\/li>\n<\/ul>","protected":false},"excerpt":{"rendered":"<p><strong>Elixir Rose Ultimate Oil<\/strong><\/p>\n<p>Presenteie seus cabelos com o luxuoso Elixir Rose Ultimate Oil, criado para proporcionar brilho intenso, maciez e vitalidade duradoura. Infundido com uma preciosa mistura de \u00f3leos nutritivos, esse elixir leve hidrata profundamente e fortalece a fibra capilar, ajudando a definir e suavizar cada fio para um acabamento perfeitamente polido.<\/p>\n<p>Ideal para todos os tipos de cabelo, \u00e9 especialmente eficaz para cabelos fr\u00e1geis ou sem brilho, restaurando um brilho saud\u00e1vel e formando uma barreira protetora contra o calor, a umidade e os danos ambientais. O resultado \u00e9 um cabelo com apar\u00eancia e toque sedosos, luminosos e f\u00e1ceis de manusear.<\/p>\n<p><strong>Principais benef\u00edcios:<\/strong><\/p>\n<ul>\n<li><strong>Aumenta o brilho e a luminosidade para um acabamento radiante<\/strong><\/li>\n<li><strong>Ajuda a definir e suavizar os fios para uma modelagem impec\u00e1vel<\/strong><\/li>\n<li><strong>Enriquecido com uma mistura de \u00f3leos naturais para nutrir e proteger<\/strong><\/li>\n<li><strong>Revitaliza cabelos fr\u00e1geis ou sem brilho<\/strong><\/li>\n<li><strong>Protege contra agressores ambientais e de estilo<\/strong><\/li>\n<li><strong>Textura leve e n\u00e3o oleosa, adequada para uso di\u00e1rio<\/strong><\/li>\n<\/ul>","protected":false},"featured_media":2115,"comment_status":"open","ping_status":"closed","template":"","meta":{"_iconic_wsb_product_page_order_bump_ids":[[]],"_sku":["HTERUO-1"],"_iconic_wsb_product_page_bump_modal_ids":[[]]},"product_brand":[],"product_cat":[96,94,89],"product_tag":[48],"class_list":{"0":"post-2114","1":"product","2":"type-product","3":"status-publish","4":"has-post-thumbnail","6":"product_cat-hair-oil","7":"product_cat-hair-treatment","8":"product_cat-home-care-line","9":"product_tag-hair","11":"first","12":"instock","13":"shipping-taxable","14":"purchasable","15":"product-type-simple"},"jetpack_sharing_enabled":true,"_links":{"self":[{"href":"https:\/\/hairbrazil.co\/pt\/wp-json\/wp\/v2\/product\/2114","targetHints":{"allow":["GET"]}}],"collection":[{"href":"https:\/\/hairbrazil.co\/pt\/wp-json\/wp\/v2\/product"}],"about":[{"href":"https:\/\/hairbrazil.co\/pt\/wp-json\/wp\/v2\/types\/product"}],"replies":[{"embeddable":true,"href":"https:\/\/hairbrazil.co\/pt\/wp-json\/wp\/v2\/comments?post=2114"}],"wp:featuredmedia":[{"embeddable":true,"href":"https:\/\/hairbrazil.co\/pt\/wp-json\/wp\/v2\/media\/2115"}],"wp:attachment":[{"href":"https:\/\/hairbrazil.co\/pt\/wp-json\/wp\/v2\/media?parent=2114"}],"wp:term":[{"taxonomy":"product_brand","embeddable":true,"href":"https:\/\/hairbrazil.co\/pt\/wp-json\/wp\/v2\/product_brand?post=2114"},{"taxonomy":"product_cat","embeddable":true,"href":"https:\/\/hairbrazil.co\/pt\/wp-json\/wp\/v2\/product_cat?post=2114"},{"taxonomy":"product_tag","embeddable":true,"href":"https:\/\/hairbrazil.co\/pt\/wp-json\/wp\/v2\/product_tag?post=2114"}],"curies":[{"name":"wp","href":"https:\/\/api.w.org\/{rel}","templated":true}]}}