{"id":2108,"date":"2025-11-03T18:03:54","date_gmt":"2025-11-03T18:03:54","guid":{"rendered":"https:\/\/hairbrazil.co\/?post_type=product&#038;p=2108"},"modified":"2026-03-27T14:31:38","modified_gmt":"2026-03-27T14:31:38","slug":"hair-treatment-oil-lazure","status":"publish","type":"product","link":"https:\/\/hairbrazil.co\/pt\/produto\/hair-treatment-oil-lazure\/","title":{"rendered":"\u00d3leo de tratamento capilar L'Azure"},"content":{"rendered":"<p><strong>Como usar:<\/strong><\/p>\n<ul>\n<li>Aplique uma pequena quantidade de L'AZURE Smoothing Oil nas palmas das m\u00e3os e espalhe uniformemente no comprimento e nas pontas dos cabelos secos ou \u00famidos. N\u00e3o enx\u00e1gue. Pode ser usado antes da secagem com secador ou chapinha para proteger e dar brilho extra aos fios.<\/li>\n<\/ul>\n<p><strong>Ingredientes principais:<\/strong><\/p>\n<ul>\n<li><strong>\u00d3leo de semente de algod\u00e3o:<\/strong> Esse \u00f3leo \u00e9 rico em \u00e1cidos graxos essenciais e vitamina E, que ajudam a nutrir e hidratar o cabelo, al\u00e9m de proporcionar brilho.<\/li>\n<li><strong>Vitamina E:<\/strong>Ajuda a nutrir o cabelo e a proteg\u00ea-lo contra os danos causados pelos radicais livres.<\/li>\n<\/ul>\n<p><strong>Benef\u00edcios:<\/strong><\/p>\n<ul>\n<li><strong>Brilho intenso:<\/strong> O L'AZURE Smoothing Oil proporciona aos cabelos um brilho intenso, melhorando sua apar\u00eancia geral.<\/li>\n<li><strong>Sedosidade:<\/strong> Esse produto proporciona sedosidade ao cabelo, deixando-o macio ao toque.<\/li>\n<li><strong>Prote\u00e7\u00e3o contra agressores externos:<\/strong> Esse produto protege os cabelos contra agressores externos, como polui\u00e7\u00e3o e danos causados pelo sol, ajudando a manter os cabelos saud\u00e1veis e vibrantes.<\/li>\n<\/ul>","protected":false},"excerpt":{"rendered":"<p data-start=\"0\" data-end=\"27\"><strong data-start=\"0\" data-end=\"25\">\u00d3leo Suavizante L'AZURE<\/strong><\/p>\n<p data-start=\"29\" data-end=\"492\">Experimente o poder transformador de <strong data-start=\"68\" data-end=\"93\">\u00d3leo Suavizante L'AZURE<\/strong>, uma f\u00f3rmula luxuosa enriquecida com <strong data-start=\"129\" data-end=\"142\">vitamina E<\/strong> para nutrir e proteger seus cabelos. Esse \u00f3leo leve e n\u00e3o oleoso proporciona <strong data-start=\"227\" data-end=\"258\">sedosidade e brilho radiante<\/strong>, ajudando a <strong data-start=\"271\" data-end=\"298\">revitalizar os fios opacos<\/strong> ao mesmo tempo em que cria uma barreira protetora contra os estressores ambientais di\u00e1rios. Perfeito para todos os tipos de cabelo, ele deixa seus cabelos macios, suaves e f\u00e1ceis de manusear a cada uso.<\/p>\n<p data-start=\"494\" data-end=\"513\"><strong data-start=\"494\" data-end=\"511\">Principais benef\u00edcios:<\/strong><\/p>\n<ul data-start=\"514\" data-end=\"794\">\n<li data-start=\"514\" data-end=\"581\">\n<p data-start=\"516\" data-end=\"581\">Enriquecido com <strong data-start=\"530\" data-end=\"543\">vitamina E<\/strong> para nutri\u00e7\u00e3o e prote\u00e7\u00e3o profundas<\/p>\n<\/li>\n<li data-start=\"582\" data-end=\"637\">\n<p data-start=\"584\" data-end=\"637\">Adiciona <strong data-start=\"589\" data-end=\"608\">brilho brilhante<\/strong> e duradouro <strong data-start=\"621\" data-end=\"635\">suavidade<\/strong><\/p>\n<\/li>\n<li data-start=\"638\" data-end=\"682\">\n<p data-start=\"640\" data-end=\"682\">Ajuda <strong data-start=\"646\" data-end=\"675\">revitalizar e fortalecer<\/strong> cabelo<\/p>\n<\/li>\n<li data-start=\"683\" data-end=\"736\">\n<p data-start=\"685\" data-end=\"736\">Protege contra <strong data-start=\"701\" data-end=\"734\">calor, umidade e polui\u00e7\u00e3o<\/strong><\/p>\n<\/li>\n<li data-start=\"737\" data-end=\"794\">\n<p data-start=\"739\" data-end=\"794\">Leve, <strong data-start=\"752\" data-end=\"773\">Acabamento n\u00e3o oleoso<\/strong> para todos os tipos de cabelo<\/p>\n<\/li>\n<\/ul>","protected":false},"featured_media":2109,"comment_status":"open","ping_status":"closed","template":"","meta":{"_iconic_wsb_product_page_order_bump_ids":[[]],"_sku":["HTOA-1"],"_iconic_wsb_product_page_bump_modal_ids":[[]]},"product_brand":[],"product_cat":[96,94,89],"product_tag":[48,152],"class_list":{"0":"post-2108","1":"product","2":"type-product","3":"status-publish","4":"has-post-thumbnail","6":"product_cat-hair-oil","7":"product_cat-hair-treatment","8":"product_cat-home-care-line","9":"product_tag-hair","10":"product_tag-trending","12":"first","13":"instock","14":"shipping-taxable","15":"purchasable","16":"product-type-simple"},"jetpack_sharing_enabled":true,"_links":{"self":[{"href":"https:\/\/hairbrazil.co\/pt\/wp-json\/wp\/v2\/product\/2108","targetHints":{"allow":["GET"]}}],"collection":[{"href":"https:\/\/hairbrazil.co\/pt\/wp-json\/wp\/v2\/product"}],"about":[{"href":"https:\/\/hairbrazil.co\/pt\/wp-json\/wp\/v2\/types\/product"}],"replies":[{"embeddable":true,"href":"https:\/\/hairbrazil.co\/pt\/wp-json\/wp\/v2\/comments?post=2108"}],"wp:featuredmedia":[{"embeddable":true,"href":"https:\/\/hairbrazil.co\/pt\/wp-json\/wp\/v2\/media\/2109"}],"wp:attachment":[{"href":"https:\/\/hairbrazil.co\/pt\/wp-json\/wp\/v2\/media?parent=2108"}],"wp:term":[{"taxonomy":"product_brand","embeddable":true,"href":"https:\/\/hairbrazil.co\/pt\/wp-json\/wp\/v2\/product_brand?post=2108"},{"taxonomy":"product_cat","embeddable":true,"href":"https:\/\/hairbrazil.co\/pt\/wp-json\/wp\/v2\/product_cat?post=2108"},{"taxonomy":"product_tag","embeddable":true,"href":"https:\/\/hairbrazil.co\/pt\/wp-json\/wp\/v2\/product_tag?post=2108"}],"curies":[{"name":"wp","href":"https:\/\/api.w.org\/{rel}","templated":true}]}}