{"id":2099,"date":"2025-11-03T16:34:04","date_gmt":"2025-11-03T16:34:04","guid":{"rendered":"https:\/\/hairbrazil.co\/?post_type=product&#038;p=2099"},"modified":"2025-12-31T14:12:50","modified_gmt":"2025-12-31T14:12:50","slug":"hair-extension-kit","status":"publish","type":"product","link":"https:\/\/hairbrazil.co\/pt\/produto\/hair-extension-kit\/","title":{"rendered":"Kit de tratamento de extens\u00f5es de cabelo"},"content":{"rendered":"<p><strong>Como usar:<\/strong><\/p>\n<ul>\n<li>Aplique o Shampoo Hair Extension Step 1 nos cabelos molhados, massageando suavemente o couro cabeludo e os fios. Enx\u00e1gue bem e depois aplique a ULTRA MASK Etapa 2. Deixe agir por 10 a 15 minutos antes de enxaguar completamente.<\/li>\n<\/ul>\n<p><strong>Ingredientes principais:<\/strong><\/p>\n<ul>\n<li><strong>\u00c1cido l\u00e1ctico:<\/strong> Equilibra o pH do cabelo, promovendo sa\u00fade e brilho.<\/li>\n<li><strong>Pantenol:<\/strong> Trata-se de uma forma de vitamina B5, que ajuda a hidratar o cabelo, alisando as cut\u00edculas e aumentando o brilho.<\/li>\n<li><strong>Queratina hidrolisada:<\/strong> Esse ingrediente ajuda a fortalecer o cabelo, aumentar sua elasticidade e reduzir a quebra.<\/li>\n<li><strong>\u00d3leo de Argan:<\/strong> Esse \u00f3leo \u00e9 rico em \u00e1cidos graxos e vitamina E, que ajudam a nutrir e hidratar o cabelo, deixando-o mais macio e brilhante.<\/li>\n<li><strong>Prote\u00edna de trigo hidrolisada:<\/strong> Essa prote\u00edna ajuda a fortalecer o cabelo, aumentar sua elasticidade e reduzir a quebra.<\/li>\n<li><strong>\u00d3leo de coco:<\/strong> Esse \u00f3leo natural \u00e9 conhecido por suas propriedades hidratantes e nutritivas. Ele ajuda a fortalecer o cabelo, evitar a quebra e dar brilho.<\/li>\n<\/ul>\n<p><strong>Benef\u00edcios:<\/strong><\/p>\n<ul>\n<li><strong>Fortalece e nutre o cabelo:<\/strong> Os produtos cont\u00eam ingredientes ativos que ajudam a nutrir e fortalecer os cabelos, deixando-os mais saud\u00e1veis e resistentes.<\/li>\n<li><strong>Promove o crescimento do cabelo:<\/strong> Ajuda a fortalecer os cabelos, tornando-os menos propensos \u00e0 queda e promovendo o crescimento de cabelos mais fortes e saud\u00e1veis.<\/li>\n<li><strong>Hidrata\u00e7\u00e3o profunda e cuidado de alto desempenho:<\/strong> Hidrata\u00e7\u00e3o profunda e cuidados de alto desempenho: Ajudam a revitalizar os cabelos, deixando-os macios e oferecendo hidrata\u00e7\u00e3o profunda.<\/li>\n<\/ul>","protected":false},"excerpt":{"rendered":"<p><strong>Shampoo e m\u00e1scara para extens\u00f5es de cabelo<\/strong><\/p>\n<p>Hidrata\u00e7\u00e3o de alto desempenho para cabelos macios e revitalizados<\/p>\n<p>O Hair Extension Care System oferece nutri\u00e7\u00e3o e hidrata\u00e7\u00e3o intensas para manter seu cabelo com apar\u00eancia saud\u00e1vel, macia e cheia de vida.<\/p>\n<p>Shampoo para extens\u00e3o de cabelo (Etapa 1):<br \/>\nEssa f\u00f3rmula profundamente hidratante limpa suavemente enquanto proporciona um cuidado de alto desempenho, preparando o cabelo para a absor\u00e7\u00e3o ideal de umidade e maciez.<\/p>\n<p>Hair Extension Ultra Mask (Etapa 2):<br \/>\nEm seguida, use essa m\u00e1scara rica e restauradora para obter hidrata\u00e7\u00e3o e revitaliza\u00e7\u00e3o intensas. Ela nutre profundamente, deixando os cabelos sedosos, macios e resistentes da raiz \u00e0s pontas.<\/p>\n<p>Juntos, eles proporcionam reparo e hidrata\u00e7\u00e3o de n\u00edvel profissional, dando ao seu cabelo um acabamento luxuoso, com qualidade de sal\u00e3o, sempre.<\/p>\n<ul>\n<li>Enriquecido com queratina, \u00e1cidos graxos, prote\u00ednas e nutrientes<\/li>\n<li>Hidrata\u00e7\u00e3o profunda aprimorada<\/li>\n<\/ul>","protected":false},"featured_media":2100,"comment_status":"open","ping_status":"closed","template":"","meta":{"_iconic_wsb_product_page_order_bump_ids":[[]],"_sku":["HETK-1"],"_iconic_wsb_product_page_bump_modal_ids":[[]]},"product_brand":[],"product_cat":[145,94,89],"product_tag":[48],"class_list":{"0":"post-2099","1":"product","2":"type-product","3":"status-publish","4":"has-post-thumbnail","6":"product_cat-extensions","7":"product_cat-hair-treatment","8":"product_cat-home-care-line","9":"product_tag-hair","11":"first","12":"instock","13":"shipping-taxable","14":"purchasable","15":"product-type-simple"},"jetpack_sharing_enabled":true,"_links":{"self":[{"href":"https:\/\/hairbrazil.co\/pt\/wp-json\/wp\/v2\/product\/2099","targetHints":{"allow":["GET"]}}],"collection":[{"href":"https:\/\/hairbrazil.co\/pt\/wp-json\/wp\/v2\/product"}],"about":[{"href":"https:\/\/hairbrazil.co\/pt\/wp-json\/wp\/v2\/types\/product"}],"replies":[{"embeddable":true,"href":"https:\/\/hairbrazil.co\/pt\/wp-json\/wp\/v2\/comments?post=2099"}],"wp:featuredmedia":[{"embeddable":true,"href":"https:\/\/hairbrazil.co\/pt\/wp-json\/wp\/v2\/media\/2100"}],"wp:attachment":[{"href":"https:\/\/hairbrazil.co\/pt\/wp-json\/wp\/v2\/media?parent=2099"}],"wp:term":[{"taxonomy":"product_brand","embeddable":true,"href":"https:\/\/hairbrazil.co\/pt\/wp-json\/wp\/v2\/product_brand?post=2099"},{"taxonomy":"product_cat","embeddable":true,"href":"https:\/\/hairbrazil.co\/pt\/wp-json\/wp\/v2\/product_cat?post=2099"},{"taxonomy":"product_tag","embeddable":true,"href":"https:\/\/hairbrazil.co\/pt\/wp-json\/wp\/v2\/product_tag?post=2099"}],"curies":[{"name":"wp","href":"https:\/\/api.w.org\/{rel}","templated":true}]}}