{"id":2090,"date":"2025-11-03T16:09:31","date_gmt":"2025-11-03T16:09:31","guid":{"rendered":"https:\/\/hairbrazil.co\/?post_type=product&#038;p=2090"},"modified":"2026-02-06T17:34:24","modified_gmt":"2026-02-06T17:34:24","slug":"ph-equilibrium-kit","status":"publish","type":"product","link":"https:\/\/hairbrazil.co\/pt\/produto\/ph-equilibrium-kit\/","title":{"rendered":"Kit de Equil\u00edbrio de PH"},"content":{"rendered":"<div class=\"how_to_use\">\n<p><strong class=\"subtitulo seta-para-baixo seta-para-cima\">Como usar:<\/strong><\/p>\n<ul>\n<li>Aplique o Shampoo Pr\u00e9-Tratamento PH EQUILIBRIUM nos cabelos molhados, massageando suavemente o couro cabeludo e os fios. Enx\u00e1gue bem. Em seguida, aplique o Tratamento PH EQUILIBRIUM em todo o comprimento e pontas do cabelo. Deixe agir por 10 a 15 minutos, garantindo que o produto seja absorvido adequadamente. Enx\u00e1gue bem.<\/li>\n<\/ul>\n<\/div>\n<div class=\"actives\">\n<p><strong>Ingredientes principais:<\/strong><\/p>\n<ul>\n<li><strong> Queratina:<\/strong> Esse ingrediente ajuda a fortalecer o cabelo, aumentar sua elasticidade e reduzir a quebra.<\/li>\n<li><strong>Prote\u00ednas:<\/strong> Ajuda a fortalecer a estrutura do cabelo, promovendo cabelos saud\u00e1veis e ajudando a evitar a quebra.<\/li>\n<li><strong>\u00d3leo de coco:<\/strong> Esse \u00f3leo \u00e9 rico em \u00e1cidos graxos que nutrem o cabelo e o couro cabeludo, proporcionando condicionamento e brilho.<\/li>\n<li><strong> Amino\u00e1cidos:<\/strong> Esses ingredientes ajudam a nutrir e fortalecer o cabelo, melhorando sua resist\u00eancia e brilho<\/li>\n<\/ul>\n<\/div>\n<div class=\"benefits\">\n<p><strong class=\"subtitulo seta-para-baixo seta-para-cima\">Benef\u00edcios:<\/strong><\/p>\n<ul>\n<li><strong>Restaurar a sa\u00fade e o equil\u00edbrio dos cabelos:<\/strong> O PH Equilibrium foi formulado para ajudar a restaurar a sa\u00fade e o equil\u00edbrio dos cabelos, melhorando sua resist\u00eancia e apar\u00eancia geral.<\/li>\n<li><strong>Revitaliza o cabelo:<\/strong> Esse produto revitaliza os cabelos, deixando-os mais saud\u00e1veis e brilhantes.<\/li>\n<li><strong>Ideal para cabelos quimicamente tratados:<\/strong> O PH Equilibrium \u00e9 especialmente ben\u00e9fico para cabelos que foram quimicamente tratados, ajudando a restaurar sua sa\u00fade e equil\u00edbrio.<\/li>\n<\/ul>\n<\/div>","protected":false},"excerpt":{"rendered":"<p><strong>Tratamento de equil\u00edbrio de PH para cabelos quimicamente tratados<\/strong><\/p>\n<p>Balance, Strength &amp; Shine for Chemically Treated Hair (Equil\u00edbrio, for\u00e7a e brilho para cabelos quimicamente tratados).<\/p>\n<p>O sistema PH Equilibrium foi especialmente formulado para restaurar o equil\u00edbrio e a vitalidade dos cabelos que passaram por tratamentos qu\u00edmicos, garantindo fios mais fortes, macios e saud\u00e1veis.<\/p>\n<p>Shampoo de pr\u00e9-tratamento PH Equilibrium:<br \/>\nEssa f\u00f3rmula avan\u00e7ada limpa suavemente e prepara o cabelo para os tratamentos subsequentes. Enriquecida com queratina, prote\u00ednas, amino\u00e1cidos e 18-MEA, ela ajuda a reequilibrar o pH do couro cabeludo, fortalece o cabelo da raiz \u00e0s pontas e aumenta a efic\u00e1cia dos cuidados p\u00f3s-tratamento.<\/p>\n<p>Tratamento de equil\u00edbrio de PH:<br \/>\nUma solu\u00e7\u00e3o restauradora inovadora projetada para reavivar cabelos quimicamente tratados, esse tratamento rep\u00f5e os nutrientes perdidos, melhora a elasticidade e aprimora o brilho natural. O resultado \u00e9 um cabelo saud\u00e1vel, radiante e com um belo equil\u00edbrio, que se sente t\u00e3o bem quanto parece.<\/p>\n<ul>\n<li>Queratina, prote\u00ednas<\/li>\n<li>Amino\u00e1cidos e 18-MEA<\/li>\n<\/ul>\n<p>&nbsp;<\/p>","protected":false},"featured_media":2091,"comment_status":"open","ping_status":"closed","template":"","meta":{"_iconic_wsb_product_page_order_bump_ids":[[]],"_sku":["PH-EK-1"],"_iconic_wsb_product_page_bump_modal_ids":[[]]},"product_brand":[],"product_cat":[94,89,95,147],"product_tag":[48],"class_list":{"0":"post-2090","1":"product","2":"type-product","3":"status-publish","4":"has-post-thumbnail","6":"product_cat-hair-treatment","7":"product_cat-home-care-line","8":"product_cat-post-chemical-hair-treatment","9":"product_cat-pre-treatment-hair","10":"product_tag-hair","12":"first","13":"instock","14":"shipping-taxable","15":"purchasable","16":"product-type-simple"},"jetpack_sharing_enabled":true,"_links":{"self":[{"href":"https:\/\/hairbrazil.co\/pt\/wp-json\/wp\/v2\/product\/2090","targetHints":{"allow":["GET"]}}],"collection":[{"href":"https:\/\/hairbrazil.co\/pt\/wp-json\/wp\/v2\/product"}],"about":[{"href":"https:\/\/hairbrazil.co\/pt\/wp-json\/wp\/v2\/types\/product"}],"replies":[{"embeddable":true,"href":"https:\/\/hairbrazil.co\/pt\/wp-json\/wp\/v2\/comments?post=2090"}],"wp:featuredmedia":[{"embeddable":true,"href":"https:\/\/hairbrazil.co\/pt\/wp-json\/wp\/v2\/media\/2091"}],"wp:attachment":[{"href":"https:\/\/hairbrazil.co\/pt\/wp-json\/wp\/v2\/media?parent=2090"}],"wp:term":[{"taxonomy":"product_brand","embeddable":true,"href":"https:\/\/hairbrazil.co\/pt\/wp-json\/wp\/v2\/product_brand?post=2090"},{"taxonomy":"product_cat","embeddable":true,"href":"https:\/\/hairbrazil.co\/pt\/wp-json\/wp\/v2\/product_cat?post=2090"},{"taxonomy":"product_tag","embeddable":true,"href":"https:\/\/hairbrazil.co\/pt\/wp-json\/wp\/v2\/product_tag?post=2090"}],"curies":[{"name":"wp","href":"https:\/\/api.w.org\/{rel}","templated":true}]}}