{"id":2083,"date":"2025-11-03T14:22:52","date_gmt":"2025-11-03T14:22:52","guid":{"rendered":"https:\/\/hairbrazil.co\/?post_type=product&#038;p=2083"},"modified":"2026-02-06T17:34:24","modified_gmt":"2026-02-06T17:34:24","slug":"repair-premium-sos-mask","status":"publish","type":"product","link":"https:\/\/hairbrazil.co\/pt\/produto\/repair-premium-sos-mask\/","title":{"rendered":"M\u00e1scara SOS Premium Repair 500gr"},"content":{"rendered":"<p><strong>Como usar:<\/strong><\/p>\n<ul>\n<li>Lave o cabelo com xampu, enx\u00e1gue e seque 80% os fios. Aplique a m\u00e1scara massageando e penteando suavemente e deixe agir por 3 a 5 minutos, depois enx\u00e1gue em \u00e1gua corrente. Seque os cabelos com o secador 50%, inicie o processo de escova\u00e7\u00e3o, ap\u00f3s a escova\u00e7\u00e3o, separe as mechas finas e passe a chapinha, com um m\u00ednimo de 3 repeti\u00e7\u00f5es em cada mecha, e finalize como desejar.<\/li>\n<\/ul>\n<p><strong>Ingredientes principais:<\/strong><\/p>\n<ul>\n<li><strong>Quinoa:<\/strong> Proporciona hidrata\u00e7\u00e3o e brilho com benef\u00edcios reparadores.<\/li>\n<li><strong>D-Pantenol<\/strong>: Hidrata profundamente, d\u00e1 brilho e promove o crescimento do cabelo.<\/li>\n<li><strong>A\u00e7a\u00ed<\/strong>: Protege contra danos ambientais e fortalece os cabelos.<\/li>\n<li><strong>Prote\u00edna de trigo<\/strong>: Fortalece e d\u00e1 brilho, ao mesmo tempo em que ret\u00e9m a umidade.<\/li>\n<li><strong>Queratina<\/strong>: Reabastece a for\u00e7a do cabelo e restaura o brilho natural.<\/li>\n<li><strong>Col\u00e1geno<\/strong>: Melhora a elasticidade do cabelo e promove um crescimento mais saud\u00e1vel.<\/li>\n<\/ul>\n<p><strong>Benef\u00edcios:<\/strong><\/p>\n<ul>\n<li><strong>Reconstru\u00e7\u00e3o instant\u00e2nea:<\/strong> Essa m\u00e1scara age rapidamente, proporcionando reconstru\u00e7\u00e3o capilar em apenas 5 minutos.<\/li>\n<li><strong>Elasticidade aprimorada:<\/strong> Aumenta a resist\u00eancia e a flexibilidade do cabelo, reduzindo a quebra e tornando-o mais f\u00e1cil de pentear e modelar.<\/li>\n<li><strong>Prote\u00e7\u00e3o contra danos qu\u00edmicos:<\/strong> Ideal para cabelos danificados por tratamentos qu\u00edmicos, ajudando a restaurar a sa\u00fade e a vitalidade dos fios.<\/li>\n<li><strong>Nutri\u00e7\u00e3o profunda:<\/strong> Ele proporciona um tratamento intensivo, nutrindo profundamente os cabelos para torn\u00e1-los mais saud\u00e1veis, fortes e brilhantes.<\/li>\n<\/ul>","protected":false},"excerpt":{"rendered":"<p><strong>M\u00e1scara SOS Premium Repair<\/strong><\/p>\n<p><strong>Recupera\u00e7\u00e3o intensiva de 5 minutos para cabelos quimicamente danificados<\/strong><\/p>\n<p>O <strong>M\u00e1scara SOS Premium Repair<\/strong> \u00e9 um tratamento potente, de a\u00e7\u00e3o r\u00e1pida, formulado para restaurar a for\u00e7a e a vitalidade de <strong>cabelos quimicamente danificados<\/strong>. Infundido com <strong>seis ingredientes ativos concentrados<\/strong>, O produto nutre profundamente e reconstr\u00f3i a fibra capilar de dentro para fora.<\/p>\n<p>Em apenas <strong>5 minutos<\/strong>, O cabelo \u00e9 mais macio e resistente \u00e0 escova\u00e7\u00e3o e ao penteado, pois aumenta a elasticidade, a resili\u00eancia e a maciez, tornando-o mais suave, mais forte e mais resistente \u00e0 escova\u00e7\u00e3o e ao penteado.<\/p>\n<p>Experi\u00eancia <strong>reparo instant\u00e2neo e prote\u00e7\u00e3o duradoura<\/strong>, O cabelo \u00e9 mais saud\u00e1vel, mais sedoso e brilha com vitalidade renovada.<\/p>\n<p>6 x Ingredientes ativos infundidos: <strong>Quinoa, D-Pantenol, A\u00e7a\u00ed, Prote\u00edna do Trigo, Queratina e Col\u00e1geno.<\/strong><\/p>","protected":false},"featured_media":2084,"comment_status":"open","ping_status":"closed","template":"","meta":{"_iconic_wsb_product_page_order_bump_ids":[[]],"_sku":["RP-SOS-M-500"],"_iconic_wsb_product_page_bump_modal_ids":[[]]},"product_brand":[],"product_cat":[94,89,95],"product_tag":[48],"class_list":{"0":"post-2083","1":"product","2":"type-product","3":"status-publish","4":"has-post-thumbnail","6":"product_cat-hair-treatment","7":"product_cat-home-care-line","8":"product_cat-post-chemical-hair-treatment","9":"product_tag-hair","11":"first","12":"instock","13":"shipping-taxable","14":"purchasable","15":"product-type-simple"},"jetpack_sharing_enabled":true,"_links":{"self":[{"href":"https:\/\/hairbrazil.co\/pt\/wp-json\/wp\/v2\/product\/2083","targetHints":{"allow":["GET"]}}],"collection":[{"href":"https:\/\/hairbrazil.co\/pt\/wp-json\/wp\/v2\/product"}],"about":[{"href":"https:\/\/hairbrazil.co\/pt\/wp-json\/wp\/v2\/types\/product"}],"replies":[{"embeddable":true,"href":"https:\/\/hairbrazil.co\/pt\/wp-json\/wp\/v2\/comments?post=2083"}],"wp:featuredmedia":[{"embeddable":true,"href":"https:\/\/hairbrazil.co\/pt\/wp-json\/wp\/v2\/media\/2084"}],"wp:attachment":[{"href":"https:\/\/hairbrazil.co\/pt\/wp-json\/wp\/v2\/media?parent=2083"}],"wp:term":[{"taxonomy":"product_brand","embeddable":true,"href":"https:\/\/hairbrazil.co\/pt\/wp-json\/wp\/v2\/product_brand?post=2083"},{"taxonomy":"product_cat","embeddable":true,"href":"https:\/\/hairbrazil.co\/pt\/wp-json\/wp\/v2\/product_cat?post=2083"},{"taxonomy":"product_tag","embeddable":true,"href":"https:\/\/hairbrazil.co\/pt\/wp-json\/wp\/v2\/product_tag?post=2083"}],"curies":[{"name":"wp","href":"https:\/\/api.w.org\/{rel}","templated":true}]}}