{"id":2073,"date":"2025-11-03T13:49:29","date_gmt":"2025-11-03T13:49:29","guid":{"rendered":"https:\/\/hairbrazil.co\/?post_type=product&#038;p=2073"},"modified":"2026-02-06T17:34:24","modified_gmt":"2026-02-06T17:34:24","slug":"pro-long-kit","status":"publish","type":"product","link":"https:\/\/hairbrazil.co\/pt\/produto\/pro-long-kit\/","title":{"rendered":"Kit de tratamento de alisamento Pro Long"},"content":{"rendered":"<p><strong>Como usar:<\/strong><\/p>\n<ul>\n<li>Aplique o Shampoo Pro Long nos cabelos molhados, massageando suavemente o couro cabeludo e os fios. Enx\u00e1gue e repita o processo, se necess\u00e1rio. Depois de usar o Shampoo, aplique o Condicionador Pro Long nos cabelos \u00famidos, massageando suavemente. Deixe-o agir por alguns minutos e enx\u00e1gue bem<\/li>\n<\/ul>\n<p><strong>Ingredientes principais:<\/strong><\/p>\n<ul>\n<li><strong>Queratina hidrolisada:<\/strong> Fortalece, recupera e repara os cabelos danificados, proporcionando for\u00e7a e brilho.<\/li>\n<li><strong>Glicerina:<\/strong> A glicerina \u00e9 um umectante que ajuda a manter a umidade no cabelo.<\/li>\n<li><strong>Pantenol:<\/strong> O pantenol \u00e9 uma pr\u00f3-vitamina B5 que ajuda a melhorar a sa\u00fade e a apar\u00eancia dos cabelos, proporcionando hidrata\u00e7\u00e3o e brilho.<\/li>\n<\/ul>\n<p><strong>Benef\u00edcios:<\/strong><\/p>\n<ul>\n<li><strong>Limpeza suave:<\/strong> O Shampoo Pro Long limpa suavemente o cabelo, removendo a sujeira e a oleosidade sem danificar ou ressecar os fios.<\/li>\n<li><strong>Manuten\u00e7\u00e3o do efeito do tratamento:<\/strong> Esse xampu foi formulado para ajudar a manter o efeito dos tratamentos capilares, tornando-o ideal para uso ap\u00f3s tratamentos qu\u00edmicos.<\/li>\n<li><strong>Ideal para uso di\u00e1rio:<\/strong> Esse produto \u00e9 suficientemente suave para o uso di\u00e1rio, proporcionando uma limpeza eficaz sem danificar o cabelo.<\/li>\n<li><strong>Desembara\u00e7a o cabelo:<\/strong> O Condicionador Pro Long foi formulado com ingredientes que ajudam a desembara\u00e7ar o cabelo, facilitando seu manuseio e proporcionando uma sensa\u00e7\u00e3o de suavidade.<\/li>\n<li><strong>Cuidados p\u00f3s-qu\u00edmicos:<\/strong> Esse produto \u00e9 especialmente \u00fatil para cuidados p\u00f3s-qu\u00edmica, ajudando a manter a sa\u00fade dos cabelos ap\u00f3s tratamentos qu\u00edmicos.<\/li>\n<\/ul>\n<p><strong>\u00a0<\/strong><\/p>","protected":false},"excerpt":{"rendered":"<p><strong>Xampu e condicionador Pro Long<\/strong><\/p>\n<p>Prolongue a vida \u00fatil de seu tratamento e mantenha os cabelos saud\u00e1veis todos os dias<\/p>\n<p>A dupla de xampu e condicionador Pro Long foi especialmente formulada para manter os resultados dos tratamentos qu\u00edmicos e, ao mesmo tempo, manter os cabelos macios, suaves e hidratados.<\/p>\n<p>O Pro Long Shampoo limpa suavemente sem retirar a umidade essencial, ajudando a preservar os efeitos do tratamento por mais tempo. Sua f\u00f3rmula suave e de alta qualidade \u00e9 perfeita para o uso di\u00e1rio, deixando os cabelos limpos, renovados e nutridos.<\/p>\n<p>O Pro Long Conditioner desembara\u00e7a sem esfor\u00e7o, restaurando a maciez e a maleabilidade. Projetado para manter a sa\u00fade e o brilho dos cabelos tratados, ele ajuda a prolongar o acabamento liso e elegante obtido ap\u00f3s os tratamentos de sal\u00e3o.<\/p>","protected":false},"featured_media":2576,"comment_status":"open","ping_status":"closed","template":"","meta":{"_iconic_wsb_product_page_order_bump_ids":[[]],"_sku":["PLTK-1"],"_iconic_wsb_product_page_bump_modal_ids":[[]]},"product_brand":[],"product_cat":[94,89,95,147],"product_tag":[48],"class_list":{"0":"post-2073","1":"product","2":"type-product","3":"status-publish","4":"has-post-thumbnail","6":"product_cat-hair-treatment","7":"product_cat-home-care-line","8":"product_cat-post-chemical-hair-treatment","9":"product_cat-pre-treatment-hair","10":"product_tag-hair","12":"first","13":"instock","14":"shipping-taxable","15":"purchasable","16":"product-type-simple"},"jetpack_sharing_enabled":true,"_links":{"self":[{"href":"https:\/\/hairbrazil.co\/pt\/wp-json\/wp\/v2\/product\/2073","targetHints":{"allow":["GET"]}}],"collection":[{"href":"https:\/\/hairbrazil.co\/pt\/wp-json\/wp\/v2\/product"}],"about":[{"href":"https:\/\/hairbrazil.co\/pt\/wp-json\/wp\/v2\/types\/product"}],"replies":[{"embeddable":true,"href":"https:\/\/hairbrazil.co\/pt\/wp-json\/wp\/v2\/comments?post=2073"}],"wp:featuredmedia":[{"embeddable":true,"href":"https:\/\/hairbrazil.co\/pt\/wp-json\/wp\/v2\/media\/2576"}],"wp:attachment":[{"href":"https:\/\/hairbrazil.co\/pt\/wp-json\/wp\/v2\/media?parent=2073"}],"wp:term":[{"taxonomy":"product_brand","embeddable":true,"href":"https:\/\/hairbrazil.co\/pt\/wp-json\/wp\/v2\/product_brand?post=2073"},{"taxonomy":"product_cat","embeddable":true,"href":"https:\/\/hairbrazil.co\/pt\/wp-json\/wp\/v2\/product_cat?post=2073"},{"taxonomy":"product_tag","embeddable":true,"href":"https:\/\/hairbrazil.co\/pt\/wp-json\/wp\/v2\/product_tag?post=2073"}],"curies":[{"name":"wp","href":"https:\/\/api.w.org\/{rel}","templated":true}]}}