{"id":2070,"date":"2025-11-03T13:39:20","date_gmt":"2025-11-03T13:39:20","guid":{"rendered":"https:\/\/hairbrazil.co\/?post_type=product&#038;p=2070"},"modified":"2026-02-06T17:34:24","modified_gmt":"2026-02-06T17:34:24","slug":"intense-hair-kit","status":"publish","type":"product","link":"https:\/\/hairbrazil.co\/pt\/produto\/intense-hair-kit\/","title":{"rendered":"Kit Intense Hair"},"content":{"rendered":"<p><strong>Como usar:<\/strong><\/p>\n<ul>\n<li>Aplique o Brightening Shampoo no cabelo molhado, massageando suavemente o couro cabeludo e os fios. Enx\u00e1gue bem e siga com o Brightening Conditioner. Aplique o condicionador no cabelo \u00famido, massageando suavemente. Deixe-o agir por alguns minutos e enx\u00e1gue bem.<\/li>\n<\/ul>\n<p><strong>Ingredientes principais:<\/strong><\/p>\n<ul>\n<li><strong>Pantenol:<\/strong> Trata-se de uma forma de vitamina B5, que ajuda a hidratar o cabelo, alisando as cut\u00edculas e aumentando o brilho.<\/li>\n<li><strong>\u00d3leo de palma:<\/strong> Esse \u00f3leo \u00e9 rico em vitamina E e \u00e1cidos graxos, que ajudam a nutrir e hidratar o cabelo, deixando-o mais macio e brilhante.<\/li>\n<li><strong>Extrato de Aloe Vera:<\/strong> Esse ingrediente \u00e9 conhecido por suas propriedades hidratantes e calmantes, que ajudam a amaciar e condicionar o cabelo.<\/li>\n<li><strong>Prote\u00ednas hidrolisadas:<\/strong> Essas prote\u00ednas ajudam a fortalecer a estrutura do cabelo, promovendo um cabelo saud\u00e1vel e ajudando a evitar a quebra.<\/li>\n<\/ul>\n<p><strong>Benef\u00edcios:<\/strong><\/p>\n<ul>\n<li><strong>Hidrata\u00e7\u00e3o p\u00f3s-qu\u00edmica:<\/strong> O Shampoo e o Condicionador Brightening s\u00e3o ideais para cabelos que precisam de hidrata\u00e7\u00e3o intensa ap\u00f3s processos qu\u00edmicos. Eles cont\u00eam Pantenol, um ingrediente conhecido por suas propriedades hidratantes, que ajuda a manter os cabelos hidratados e saud\u00e1veis.<\/li>\n<li><strong>Limpeza suave para cabelos coloridos e descoloridos:<\/strong> O Shampoo Brightening limpa suavemente os cabelos coloridos ou descoloridos, ajudando a manter a sa\u00fade dos cabelos e a prolongar a cor. Ele cont\u00e9m agentes de limpeza suaves que removem com efic\u00e1cia a sujeira e o excesso de oleosidade sem desbotar a cor.<\/li>\n<li><strong>Reconstru\u00e7\u00e3o capilar:<\/strong> O Brightening Conditioner ajuda a reconstruir o cabelo, deixando-o macio e saud\u00e1vel. Ele cont\u00e9m prote\u00ednas hidrolisadas de arroz, trigo, quinoa e linha\u00e7a, que ajudam a fortalecer o cabelo e a proteg\u00ea-lo de danos futuros.<\/li>\n<\/ul>\n<p><strong>Mant\u00e9m o brilho e prolonga a cor:<\/strong> O Brightening Conditioner ajuda a manter o brilho dos cabelos coloridos e descoloridos e prolonga a cor.<\/p>","protected":false},"excerpt":{"rendered":"<p><strong>Shampoo e condicionador Intense<\/strong><\/p>\n<p>Cuidado hidratante para cabelos descoloridos e tratados com cor<\/p>\n<p>Restaure a vibra\u00e7\u00e3o e a for\u00e7a com o Shampoo e Condicionador Intense Brightening, especialmente desenvolvido para cabelos que passaram por colora\u00e7\u00e3o ou descolora\u00e7\u00e3o.<\/p>\n<p>O Shampoo Intense limpa suavemente enquanto proporciona hidrata\u00e7\u00e3o p\u00f3s-qu\u00edmica, ajudando a manter os fios saud\u00e1veis e a prolongar a intensidade da cor. Sua f\u00f3rmula nutritiva deixa os cabelos macios, male\u00e1veis e radiantes.<\/p>\n<p>O Intense Conditioner hidrata profundamente e reconstr\u00f3i a estrutura do cabelo ap\u00f3s tratamentos qu\u00edmicos. Enriquecido com ativos restauradores, ele suaviza a fibra capilar, aumenta o brilho e ajuda a fixar a cor para um brilho mais duradouro.<\/p>\n<p>Juntos, eles proporcionam cabelos macios, saud\u00e1veis e luminosos que parecem rec\u00e9m-tratados todos os dias.<\/p>\n<ul>\n<li>Para cabelos descoloridos e coloridos<\/li>\n<li>Cuidados p\u00f3s-qu\u00edmicos<\/li>\n<\/ul>","protected":false},"featured_media":2071,"comment_status":"open","ping_status":"closed","template":"","meta":{"_iconic_wsb_product_page_order_bump_ids":[[]],"_sku":["IHK-1"],"_iconic_wsb_product_page_bump_modal_ids":[[]]},"product_brand":[],"product_cat":[93,143,87,94,89,95,84,85],"product_tag":[48,152],"class_list":{"0":"post-2070","1":"product","2":"type-product","3":"status-publish","4":"has-post-thumbnail","6":"product_cat-blonde-hair","7":"product_cat-blonde-hair-treatment","8":"product_cat-curly-hair","9":"product_cat-hair-treatment","10":"product_cat-home-care-line","11":"product_cat-post-chemical-hair-treatment","12":"product_cat-straight-hair","13":"product_cat-wavy-hair","14":"product_tag-hair","15":"product_tag-trending","17":"first","18":"instock","19":"shipping-taxable","20":"purchasable","21":"product-type-simple"},"jetpack_sharing_enabled":true,"_links":{"self":[{"href":"https:\/\/hairbrazil.co\/pt\/wp-json\/wp\/v2\/product\/2070","targetHints":{"allow":["GET"]}}],"collection":[{"href":"https:\/\/hairbrazil.co\/pt\/wp-json\/wp\/v2\/product"}],"about":[{"href":"https:\/\/hairbrazil.co\/pt\/wp-json\/wp\/v2\/types\/product"}],"replies":[{"embeddable":true,"href":"https:\/\/hairbrazil.co\/pt\/wp-json\/wp\/v2\/comments?post=2070"}],"wp:featuredmedia":[{"embeddable":true,"href":"https:\/\/hairbrazil.co\/pt\/wp-json\/wp\/v2\/media\/2071"}],"wp:attachment":[{"href":"https:\/\/hairbrazil.co\/pt\/wp-json\/wp\/v2\/media?parent=2070"}],"wp:term":[{"taxonomy":"product_brand","embeddable":true,"href":"https:\/\/hairbrazil.co\/pt\/wp-json\/wp\/v2\/product_brand?post=2070"},{"taxonomy":"product_cat","embeddable":true,"href":"https:\/\/hairbrazil.co\/pt\/wp-json\/wp\/v2\/product_cat?post=2070"},{"taxonomy":"product_tag","embeddable":true,"href":"https:\/\/hairbrazil.co\/pt\/wp-json\/wp\/v2\/product_tag?post=2070"}],"curies":[{"name":"wp","href":"https:\/\/api.w.org\/{rel}","templated":true}]}}