{"id":2052,"date":"2025-11-03T13:07:21","date_gmt":"2025-11-03T13:07:21","guid":{"rendered":"https:\/\/hairbrazil.co\/?post_type=product&#038;p=2052"},"modified":"2025-12-18T15:16:10","modified_gmt":"2025-12-18T15:16:10","slug":"soursop-hair-tonic","status":"publish","type":"product","link":"https:\/\/hairbrazil.co\/pt\/produto\/soursop-hair-tonic\/","title":{"rendered":"T\u00f4nico capilar SourSop"},"content":{"rendered":"<p><strong>Como usar:<\/strong><\/p>\n<p>Aplique diretamente no couro cabeludo limpo e massageie suavemente para potencializar a absor\u00e7\u00e3o. N\u00e3o enx\u00e1gue. Para resultados ideais, use diariamente como parte da sua rotina de cuidados com os cabelos.<\/p>","protected":false},"excerpt":{"rendered":"<p><strong>T\u00f4nico capilar SourSop<\/strong><\/p>\n<p><strong>Fortalecer, Revitalizar e Promover o Crescimento Capilar<\/strong><\/p>\n<p>O T\u00f4nico Capilar de Graviola \u00e9 um tratamento poderoso projetado para combater a queda de cabelo e promover cabelos com apar\u00eancia mais saud\u00e1vel e cheia. Adequado para todos os tipos de cabelo, sua f\u00f3rmula fortificante reduz a queda, promove o crescimento natural do cabelo e adiciona volume, deixando os cabelos mais fortes, revitalizados e resilientes.<\/p>\n<p><strong>Principais benef\u00edcios:<\/strong><\/p>\n<ul>\n<li>Ajuda a reduzir a queda e quebra de cabelo<\/li>\n<li>Estimula e apoia o crescimento natural do cabelo<\/li>\n<li>D\u00e1 volume e corpo a cabelos finos<\/li>\n<li>Fortalece os cabelos da raiz \u00e0s pontas<\/li>\n<li>Adequado para todos os tipos de cabelo<\/li>\n<\/ul>","protected":false},"featured_media":2054,"comment_status":"open","ping_status":"closed","template":"","meta":{"_iconic_wsb_product_page_order_bump_ids":[[]],"_sku":["SSHT-1"],"_iconic_wsb_product_page_bump_modal_ids":[[]]},"product_brand":[],"product_cat":[94,89],"product_tag":[48],"class_list":{"0":"post-2052","1":"product","2":"type-product","3":"status-publish","4":"has-post-thumbnail","6":"product_cat-hair-treatment","7":"product_cat-home-care-line","8":"product_tag-hair","10":"first","11":"instock","12":"shipping-taxable","13":"purchasable","14":"product-type-simple"},"jetpack_sharing_enabled":true,"_links":{"self":[{"href":"https:\/\/hairbrazil.co\/pt\/wp-json\/wp\/v2\/product\/2052","targetHints":{"allow":["GET"]}}],"collection":[{"href":"https:\/\/hairbrazil.co\/pt\/wp-json\/wp\/v2\/product"}],"about":[{"href":"https:\/\/hairbrazil.co\/pt\/wp-json\/wp\/v2\/types\/product"}],"replies":[{"embeddable":true,"href":"https:\/\/hairbrazil.co\/pt\/wp-json\/wp\/v2\/comments?post=2052"}],"wp:featuredmedia":[{"embeddable":true,"href":"https:\/\/hairbrazil.co\/pt\/wp-json\/wp\/v2\/media\/2054"}],"wp:attachment":[{"href":"https:\/\/hairbrazil.co\/pt\/wp-json\/wp\/v2\/media?parent=2052"}],"wp:term":[{"taxonomy":"product_brand","embeddable":true,"href":"https:\/\/hairbrazil.co\/pt\/wp-json\/wp\/v2\/product_brand?post=2052"},{"taxonomy":"product_cat","embeddable":true,"href":"https:\/\/hairbrazil.co\/pt\/wp-json\/wp\/v2\/product_cat?post=2052"},{"taxonomy":"product_tag","embeddable":true,"href":"https:\/\/hairbrazil.co\/pt\/wp-json\/wp\/v2\/product_tag?post=2052"}],"curies":[{"name":"wp","href":"https:\/\/api.w.org\/{rel}","templated":true}]}}