{"id":2039,"date":"2025-11-03T12:17:43","date_gmt":"2025-11-03T12:17:43","guid":{"rendered":"https:\/\/hairbrazil.co\/?post_type=product&#038;p=2039"},"modified":"2025-12-31T14:21:38","modified_gmt":"2025-12-31T14:21:38","slug":"blonde-hair-care-kit","status":"publish","type":"product","link":"https:\/\/hairbrazil.co\/pt\/produto\/blonde-hair-care-kit\/","title":{"rendered":"Kit de cuidados para cabelos loiros"},"content":{"rendered":"<div class=\"how_to_use\">\n<p><strong class=\"subtitulo seta-para-baixo seta-para-cima\">Modo de usar:<\/strong> .<\/p>\n<ul>\n<li>Com os cabelos limpos e \u00famidos, aplique o Blonde Booster distribuindo-o uniformemente. Deixe agir por 2 a 10 minutos, dependendo do tom desejado, e enx\u00e1gue bem. Pode ser usado quantas vezes for necess\u00e1rio, de acordo com as necessidades de cada cabelo.<\/li>\n<\/ul>\n<\/div>\n<div class=\"actives\">\n<p><strong>Ingredientes principais:<\/strong><\/p>\n<ul>\n<li><strong>Extrato de a\u00e7a\u00ed:<\/strong> Esse extrato \u00e9 rico em antioxidantes que ajudam a proteger os cabelos dos danos causados pelos radicais livres.<\/li>\n<li><strong>Glicerina:<\/strong> Hidrata e condiciona, tornando o cabelo mais macio e mais resistente \u00e0 quebra.<\/li>\n<li><strong>Queratina hidrolisada:<\/strong> Essa prote\u00edna ajuda a fortalecer o cabelo, aumentar sua elasticidade e reduzir a quebra.<\/li>\n<li><strong>\u00d3leo de Argan<\/strong>: Esse \u00f3leo \u00e9 rico em vitamina E e \u00e1cidos graxos que ajudam a nutrir e hidratar o cabelo, deixando-o mais macio e brilhante.<\/li>\n<li><strong>Violeta \u00e1cido 43<\/strong>: S\u00e3o pigmentos que ajudam a neutralizar os tons amarelos em cabelos descoloridos, ajudando a obter a tonalidade desejada.<\/li>\n<\/ul>\n<\/div>\n<div class=\"benefits\">\n<p><strong class=\"subtitulo seta-para-baixo seta-para-cima\">Benef\u00edcios:<\/strong><\/p>\n<ul>\n<li><strong> Corrige o tom dos cabelos descoloridos: <\/strong> Esse produto foi formulado com pigmentos especiais que ajudam a corrigir o tom dos cabelos descoloridos. Isso significa que ele pode ajudar a neutralizar tons indesejados, como amarelo ou laranja, deixando o cabelo com um tom de loiro mais frio e desej\u00e1vel.<\/li>\n<li><strong> Nutre e protege os cabelos: <\/strong> : O Blonde Booster cont\u00e9m ingredientes como queratina hidrolisada e \u00f3leo de palma, que s\u00e3o conhecidos por suas propriedades nutritivas e protetoras. Eles ajudam a nutrir os cabelos danificados pela descolora\u00e7\u00e3o, deixando-os mais saud\u00e1veis e resistentes.<\/li>\n<li><strong> Proporciona brilho e maciez: <\/strong>Esse produto cont\u00e9m ingredientes como glicerina e Cyclopentasiloxane, conhecidos por suas propriedades condicionantes. D\u00e1 ao cabelo um efeito suave, proporcionando brilho e maciez.<\/li>\n<\/ul>\n<\/div>","protected":false},"excerpt":{"rendered":"<h3 data-start=\"178\" data-end=\"202\"><strong data-start=\"182\" data-end=\"200\">Booster para loiras<\/strong><\/h3>\n<p data-start=\"203\" data-end=\"254\"><strong data-start=\"203\" data-end=\"252\">Cuidados de corre\u00e7\u00e3o de tom para cabelos tingidos e descoloridos<\/strong><\/p>\n<p data-start=\"256\" data-end=\"513\"><strong data-start=\"256\" data-end=\"274\">Booster para loiras<\/strong> \u00e9 especialmente formulado para aprimorar e aperfei\u00e7oar o tom de <strong data-start=\"334\" data-end=\"369\">cabelos descoloridos ou com tratamento de cor<\/strong>. Infundido com <strong data-start=\"384\" data-end=\"416\">pigmentos corretivos avan\u00e7ados<\/strong>, O produto ajuda a neutralizar os tons amarelos e acobreados indesejados, revelando um loiro mais frio e radiante.<\/p>\n<p data-start=\"515\" data-end=\"643\">Ideal para manter o tom desejado entre as visitas ao sal\u00e3o, ele deixa o cabelo <strong data-start=\"593\" data-end=\"640\">brilhante, equilibrado e maravilhosamente refrescante<\/strong>.<\/p>\n<ul>\n<li data-start=\"515\" data-end=\"643\">Toner Revive<\/li>\n<li data-start=\"515\" data-end=\"643\">Corre\u00e7\u00e3o de cores<\/li>\n<li data-start=\"515\" data-end=\"643\">Efeito antiamarelo<\/li>\n<\/ul>\n<p><strong>Loira Resolve<\/strong><\/p>\n<p>Blonde Resolve \u00e9 um shampoo suave e real\u00e7ador de cor, especialmente formulado para cabelos loiros, descoloridos ou grisalhos. Infundido com pigmentos violeta, ele neutraliza eficazmente os tons indesejados de amarelo e acobreados, restaurando o brilho e a clareza da sua cor. Sua f\u00f3rmula nutritiva limpa sem ressecar ou danificar os cabelos, deixando-os macios, radiantes e maravilhosamente refrescados. Perfeito para uso di\u00e1rio para manter um loiro acinzentado e fresco de sal\u00e3o, com brilho e vitalidade duradouros.<\/p>\n<ul>\n<li>Com Pigmento Colorante<\/li>\n<li>Neutralizar Tons Indesejados de Amarelado<\/li>\n<\/ul>","protected":false},"featured_media":2040,"comment_status":"open","ping_status":"closed","template":"","meta":{"_iconic_wsb_product_page_order_bump_ids":[[]],"_sku":["BHCK-1"],"_iconic_wsb_product_page_bump_modal_ids":[[]]},"product_brand":[],"product_cat":[93,89],"product_tag":[97,48],"class_list":{"0":"post-2039","1":"product","2":"type-product","3":"status-publish","4":"has-post-thumbnail","6":"product_cat-blonde-hair","7":"product_cat-home-care-line","8":"product_tag-blonde","9":"product_tag-hair","11":"first","12":"instock","13":"shipping-taxable","14":"purchasable","15":"product-type-simple"},"jetpack_sharing_enabled":true,"_links":{"self":[{"href":"https:\/\/hairbrazil.co\/pt\/wp-json\/wp\/v2\/product\/2039","targetHints":{"allow":["GET"]}}],"collection":[{"href":"https:\/\/hairbrazil.co\/pt\/wp-json\/wp\/v2\/product"}],"about":[{"href":"https:\/\/hairbrazil.co\/pt\/wp-json\/wp\/v2\/types\/product"}],"replies":[{"embeddable":true,"href":"https:\/\/hairbrazil.co\/pt\/wp-json\/wp\/v2\/comments?post=2039"}],"wp:featuredmedia":[{"embeddable":true,"href":"https:\/\/hairbrazil.co\/pt\/wp-json\/wp\/v2\/media\/2040"}],"wp:attachment":[{"href":"https:\/\/hairbrazil.co\/pt\/wp-json\/wp\/v2\/media?parent=2039"}],"wp:term":[{"taxonomy":"product_brand","embeddable":true,"href":"https:\/\/hairbrazil.co\/pt\/wp-json\/wp\/v2\/product_brand?post=2039"},{"taxonomy":"product_cat","embeddable":true,"href":"https:\/\/hairbrazil.co\/pt\/wp-json\/wp\/v2\/product_cat?post=2039"},{"taxonomy":"product_tag","embeddable":true,"href":"https:\/\/hairbrazil.co\/pt\/wp-json\/wp\/v2\/product_tag?post=2039"}],"curies":[{"name":"wp","href":"https:\/\/api.w.org\/{rel}","templated":true}]}}