{"id":2030,"date":"2025-11-03T12:12:57","date_gmt":"2025-11-03T12:12:57","guid":{"rendered":"https:\/\/hairbrazil.co\/?post_type=product&#038;p=2030"},"modified":"2026-03-06T19:31:40","modified_gmt":"2026-03-06T19:31:40","slug":"mask-platinum-supreme","status":"publish","type":"product","link":"https:\/\/hairbrazil.co\/pt\/produto\/mask-platinum-supreme\/","title":{"rendered":"M\u00e1scara Platinum Supreme"},"content":{"rendered":"<p><strong>Como usar:<\/strong><\/p>\n<ul>\n<li>Ap\u00f3s o shampoo, aplique a MASK PLATINUM SUPREME nos cabelos \u00famidos, distribuindo uniformemente do couro cabeludo at\u00e9 as pontas. Deixe agir por 7 a 10 minutos. Enx\u00e1gue bem. Use pelo menos uma vez por semana para obter melhores resultados. Recomenda-se o uso de luvas durante a aplica\u00e7\u00e3o para evitar manchas nas m\u00e3os.<\/li>\n<\/ul>\n<p><strong>Ingredientes principais:<\/strong><\/p>\n<ul>\n<li><strong>\u00d3leo de Argan:<\/strong> Esse \u00f3leo \u00e9 rico em \u00e1cidos graxos essenciais e vitamina E, que ajudam a hidratar e nutrir o cabelo, deixando-o mais macio, mais brilhante e mais male\u00e1vel.<\/li>\n<li><strong>Extrato de flores<\/strong>: Esse extrato \u00e9 conhecido por suas propriedades calmantes e condicionantes, ajudando a melhorar a sa\u00fade do cabelo e a dar um brilho natural aos fios.<\/li>\n<li><strong>Extrato de Aloe<\/strong>: Esse extrato \u00e9 conhecido por suas propriedades hidratantes e calmantes. Ele ajuda a condicionar o cabelo, deixando-o macio e brilhante, al\u00e9m de promover um couro cabeludo saud\u00e1vel.<\/li>\n<\/ul>\n<p><strong>Benef\u00edcios:<\/strong><\/p>\n<ul>\n<li><strong>Aumenta a luminosidade:<\/strong> Essa m\u00e1scara aprimora a luminosidade do tom platinado, resultando em um loiro gelo deslumbrante.<\/li>\n<li><strong>Hidrata e amacia:<\/strong> Os ingredientes dessa m\u00e1scara hidratam o cabelo.<\/li>\n<li><strong>Promove a sa\u00fade dos cabelos:<\/strong> Com o uso regular, essa m\u00e1scara promove cabelos mais saud\u00e1veis e fortes, reduzindo o risco de quebra e danos.<\/li>\n<li><strong>Revitaliza e nutre:<\/strong> A M\u00c1SCARA PLATINUM SUPREME trabalha para revitalizar e nutrir profundamente os cabelos, restaurando sua vitalidade e brilho.<\/li>\n<\/ul>","protected":false},"excerpt":{"rendered":"<p><strong>M\u00c1SCARA PLATINUM SUPREME<\/strong><\/p>\n<p><strong>M\u00e1scara Platinum Supreme<\/strong><\/p>\n<p><strong>Revitalizing Care for Blonde, Bleached &amp; Grey Hair (Cuidados revitalizantes para cabelos loiros, descoloridos e grisalhos)<\/strong><\/p>\n<p>O <strong>M\u00e1scara Platinum Supreme<\/strong> \u00e9 um tratamento premium desenvolvido para restaurar e real\u00e7ar os tons claros dos cabelos. Especialmente formulado para <strong>cabelos loiros, descoloridos e grisalhos<\/strong>, O produto nutre profundamente e neutraliza os tons amarelos indesejados, proporcionando um acabamento frio e luminoso.<\/p>\n<p>Enriquecido com <strong>\u00d3leo de Argan, extrato de flores,<\/strong> e <strong>Extrato de Aloe<\/strong>, Com essa poderosa mistura, revitaliza os fios secos e danificados, infundindo-lhes hidrata\u00e7\u00e3o, for\u00e7a e brilho.<\/p>\n<p>O resultado \u00e9 <strong>cabelos loiros radiantes e cor de gelo<\/strong> que se sente macio, suave e saud\u00e1vel, brilhando com vitalidade natural e brilho de qualidade de sal\u00e3o.<\/p>","protected":false},"featured_media":2031,"comment_status":"open","ping_status":"closed","template":"","meta":{"_iconic_wsb_product_page_order_bump_ids":[[]],"_sku":["MPS-1"],"_iconic_wsb_product_page_bump_modal_ids":[[]]},"product_brand":[],"product_cat":[93,143,94,89,95],"product_tag":[97,91],"class_list":{"0":"post-2030","1":"product","2":"type-product","3":"status-publish","4":"has-post-thumbnail","6":"product_cat-blonde-hair","7":"product_cat-blonde-hair-treatment","8":"product_cat-hair-treatment","9":"product_cat-home-care-line","10":"product_cat-post-chemical-hair-treatment","11":"product_tag-blonde","12":"product_tag-hair-shampoo-kit","14":"first","15":"instock","16":"shipping-taxable","17":"purchasable","18":"product-type-simple"},"jetpack_sharing_enabled":true,"_links":{"self":[{"href":"https:\/\/hairbrazil.co\/pt\/wp-json\/wp\/v2\/product\/2030","targetHints":{"allow":["GET"]}}],"collection":[{"href":"https:\/\/hairbrazil.co\/pt\/wp-json\/wp\/v2\/product"}],"about":[{"href":"https:\/\/hairbrazil.co\/pt\/wp-json\/wp\/v2\/types\/product"}],"replies":[{"embeddable":true,"href":"https:\/\/hairbrazil.co\/pt\/wp-json\/wp\/v2\/comments?post=2030"}],"wp:featuredmedia":[{"embeddable":true,"href":"https:\/\/hairbrazil.co\/pt\/wp-json\/wp\/v2\/media\/2031"}],"wp:attachment":[{"href":"https:\/\/hairbrazil.co\/pt\/wp-json\/wp\/v2\/media?parent=2030"}],"wp:term":[{"taxonomy":"product_brand","embeddable":true,"href":"https:\/\/hairbrazil.co\/pt\/wp-json\/wp\/v2\/product_brand?post=2030"},{"taxonomy":"product_cat","embeddable":true,"href":"https:\/\/hairbrazil.co\/pt\/wp-json\/wp\/v2\/product_cat?post=2030"},{"taxonomy":"product_tag","embeddable":true,"href":"https:\/\/hairbrazil.co\/pt\/wp-json\/wp\/v2\/product_tag?post=2030"}],"curies":[{"name":"wp","href":"https:\/\/api.w.org\/{rel}","templated":true}]}}