{"id":1794,"date":"2025-10-29T11:05:45","date_gmt":"2025-10-29T11:05:45","guid":{"rendered":"https:\/\/hairbrazil.co\/?post_type=product&#038;p=1794"},"modified":"2026-02-06T17:34:24","modified_gmt":"2026-02-06T17:34:24","slug":"curl-control","status":"publish","type":"product","link":"https:\/\/hairbrazil.co\/pt\/produto\/curl-control\/","title":{"rendered":"Gel Ativador de Cachos para Controle de Cachos"},"content":{"rendered":"<p><strong>Como usar:<\/strong><\/p>\n<ul>\n<li>Nos cabelos limpos, secos ou \u00famidos, aplique uma quantidade de ativador de cachos na palma das m\u00e3os e espalhe do comprimento \u00e0s pontas, colando mecha a mecha. N\u00e3o enx\u00e1gue.<\/li>\n<\/ul>\n<p><strong>Ingredientes principais:<\/strong><\/p>\n<ul>\n<li><strong>\u00d3leo de macad\u00e2mia: <\/strong>Esse \u00f3leo \u00e9 rico em \u00e1cidos graxos que ajudam a nutrir e hidratar o cabelo, deixando-o mais macio e brilhante.<\/li>\n<li><strong>Jojoba e manteiga de karit\u00e9:<\/strong> Ele amacia e hidrata o cabelo e cria um selo protetor ao redor do cabelo, reduzindo a perda de umidade sem deixar o cabelo oleoso.<\/li>\n<li><strong>\u00d3leo de coco:<\/strong> Esse \u00f3leo \u00e9 rico em \u00e1cidos graxos que nutrem o cabelo e o couro cabeludo, proporcionando condicionamento e brilho.<\/li>\n<\/ul>\n<p><strong>Benef\u00edcios:<\/strong><\/p>\n<ul>\n<li><strong>Maciez e flexibilidade:<\/strong> O Curl Activator Gel ajuda a deixar os cabelos mais macios e flex\u00edveis, melhorando a maleabilidade.<\/li>\n<li><strong>Nutri\u00e7\u00e3o profunda:<\/strong> A f\u00f3rmula do produto cont\u00e9m uma mistura de \u00f3leos e manteiga de karit\u00e9 que nutrem profundamente a fibra capilar, melhorando a sa\u00fade e a resist\u00eancia dos cabelos.<\/li>\n<li><strong>Ideal para cabelos extremamente secos:<\/strong> Esse gel foi formulado especialmente para cabelos extremamente secos, proporcionando a hidrata\u00e7\u00e3o e a nutri\u00e7\u00e3o necess\u00e1rias.<\/li>\n<\/ul>\n<p>&nbsp;<\/p>","protected":false},"excerpt":{"rendered":"<p>Controle de cachos por <strong>Hair Brazil Cosmetics<\/strong> \u00e9 especialmente formulado para cabelos cacheados, oferecendo nutri\u00e7\u00e3o profunda e hidrata\u00e7\u00e3o duradoura. Enriquecido com \u00f3leo de coco, \u00f3leo de macad\u00e2mia, \u00f3leo de jojoba e manteiga de karit\u00e9. Essa mistura luxuosa proporciona o equil\u00edbrio perfeito de umidade e for\u00e7a.<\/p>\n<p>O \u00f3leo de macad\u00e2mia proporciona maciez e brilho intensos com suas propriedades emolientes, enquanto a manteiga de karit\u00e9 ret\u00e9m a umidade natural para nutrir e fortalecer cada fio. O \u00f3leo de jojoba ajuda a regular a oleosidade do couro cabeludo, reduzindo a caspa e minimizando a queda de cabelo para um ambiente mais saud\u00e1vel no couro cabeludo.<\/p>\n<p>Juntos, esses poderosos ingredientes deixam os cachos sedosos, definidos e irresistivelmente macios, cheios de vida, brilho e beleza natural brasileira.<\/p>\n<ul>\n<li>Superalimenta o cabelo macio e flex\u00edvel<\/li>\n<li>Para cabelos extremamente secos<\/li>\n<li>Rico em ativos naturais: \u00d3leo de coco, macad\u00e2mia, \u00f3leo de jojoba e manteiga de karit\u00e9<\/li>\n<\/ul>","protected":false},"featured_media":1802,"comment_status":"open","ping_status":"closed","template":"","meta":{"_iconic_wsb_product_page_order_bump_ids":[[]],"_sku":["CCCG-1"],"_iconic_wsb_product_page_bump_modal_ids":[[]]},"product_brand":[],"product_cat":[87,89],"product_tag":[35,92,48],"class_list":{"0":"post-1794","1":"product","2":"type-product","3":"status-publish","4":"has-post-thumbnail","6":"product_cat-curly-hair","7":"product_cat-home-care-line","8":"product_tag-cosmetics","9":"product_tag-curly-hair","10":"product_tag-hair","12":"first","13":"instock","14":"shipping-taxable","15":"purchasable","16":"product-type-simple"},"jetpack_sharing_enabled":true,"_links":{"self":[{"href":"https:\/\/hairbrazil.co\/pt\/wp-json\/wp\/v2\/product\/1794","targetHints":{"allow":["GET"]}}],"collection":[{"href":"https:\/\/hairbrazil.co\/pt\/wp-json\/wp\/v2\/product"}],"about":[{"href":"https:\/\/hairbrazil.co\/pt\/wp-json\/wp\/v2\/types\/product"}],"replies":[{"embeddable":true,"href":"https:\/\/hairbrazil.co\/pt\/wp-json\/wp\/v2\/comments?post=1794"}],"wp:featuredmedia":[{"embeddable":true,"href":"https:\/\/hairbrazil.co\/pt\/wp-json\/wp\/v2\/media\/1802"}],"wp:attachment":[{"href":"https:\/\/hairbrazil.co\/pt\/wp-json\/wp\/v2\/media?parent=1794"}],"wp:term":[{"taxonomy":"product_brand","embeddable":true,"href":"https:\/\/hairbrazil.co\/pt\/wp-json\/wp\/v2\/product_brand?post=1794"},{"taxonomy":"product_cat","embeddable":true,"href":"https:\/\/hairbrazil.co\/pt\/wp-json\/wp\/v2\/product_cat?post=1794"},{"taxonomy":"product_tag","embeddable":true,"href":"https:\/\/hairbrazil.co\/pt\/wp-json\/wp\/v2\/product_tag?post=1794"}],"curies":[{"name":"wp","href":"https:\/\/api.w.org\/{rel}","templated":true}]}}