{"id":925,"date":"2021-02-18T15:08:18","date_gmt":"2021-02-18T15:08:18","guid":{"rendered":"https:\/\/klbtheme.com\/cosmetsy\/?page_id=925"},"modified":"2025-12-13T13:42:37","modified_gmt":"2025-12-13T13:42:37","slug":"about-us","status":"publish","type":"page","link":"https:\/\/hairbrazil.co\/pt\/about-us\/","title":{"rendered":"Sobre n\u00f3s"},"content":{"rendered":"<div data-elementor-type=\"wp-page\" data-elementor-id=\"925\" class=\"elementor elementor-925\" data-elementor-post-type=\"page\">\n\t\t\t\t\t\t<section class=\"elementor-section elementor-top-section elementor-element elementor-element-8bce74f elementor-section-full_width elementor-section-height-default elementor-section-height-default\" data-id=\"8bce74f\" data-element_type=\"section\" data-e-type=\"section\">\n\t\t\t\t\t\t<div class=\"elementor-container elementor-column-gap-no\">\n\t\t\t\t\t<div class=\"elementor-column elementor-col-100 elementor-top-column elementor-element elementor-element-ef43bb4\" data-id=\"ef43bb4\" data-element_type=\"column\" data-e-type=\"column\">\n\t\t\t<div class=\"elementor-widget-wrap elementor-element-populated\">\n\t\t\t\t\t\t<div class=\"elementor-element elementor-element-016fd4c elementor-widget elementor-widget-cosmetsy-about-banner\" data-id=\"016fd4c\" data-element_type=\"widget\" data-e-type=\"widget\" data-widget_type=\"cosmetsy-about-banner.default\">\n\t\t\t\t<div class=\"elementor-widget-container\">\n\t\t\t\t\t<div class=\"module image-text style-12\"><div class=\"container\"><div class=\"module-wrapper\"><div class=\"row align-items-center\"><div class=\"col col-12 col-lg-7\"><div class=\"module-block text\"><h6 class=\"entry-subtitle f-size-10 mb-20 d-mb-35\">Sobre a Hair Brazil Cosmetics<\/h6><h1 class=\"entry-title f-size-34 df-size-80\">Do cora\u00e7\u00e3o do Brasil para seu cabelo.<\/h1><\/div><\/div><\/div><\/div><div class=\"module-block image\"><img decoding=\"async\" src=\"https:\/\/hairbrazil.co\/wp-content\/uploads\/2025\/11\/About-US-1.png\"><\/div><\/div><\/div><div class=\"module space\"><div class=\"container\"><div class=\"inner\"><\/div><\/div><\/div>\t\t\t\t<\/div>\n\t\t\t\t<\/div>\n\t\t\t\t\t<\/div>\n\t\t<\/div>\n\t\t\t\t\t<\/div>\n\t\t<\/section>\n\t\t\t\t<section class=\"elementor-section elementor-top-section elementor-element elementor-element-d6499cc elementor-section-stretched elementor-section-boxed elementor-section-height-default elementor-section-height-default\" data-id=\"d6499cc\" data-element_type=\"section\" data-e-type=\"section\" data-settings=\"{&quot;stretch_section&quot;:&quot;section-stretched&quot;}\">\n\t\t\t\t\t\t<div class=\"elementor-container elementor-column-gap-extended\">\n\t\t\t\t\t<div class=\"elementor-column elementor-col-33 elementor-top-column elementor-element elementor-element-299feeb elementor-hidden-tablet elementor-hidden-phone\" data-id=\"299feeb\" data-element_type=\"column\" data-e-type=\"column\">\n\t\t\t<div class=\"elementor-widget-wrap elementor-element-populated\">\n\t\t\t\t\t\t<div class=\"elementor-element elementor-element-ee64385 e-transform elementor-widget elementor-widget-image\" data-id=\"ee64385\" data-element_type=\"widget\" data-e-type=\"widget\" data-settings=\"{&quot;_transform_scale_effect_hover&quot;:{&quot;unit&quot;:&quot;px&quot;,&quot;size&quot;:1.1,&quot;sizes&quot;:[]},&quot;_transform_scale_effect_hover_tablet&quot;:{&quot;unit&quot;:&quot;px&quot;,&quot;size&quot;:&quot;&quot;,&quot;sizes&quot;:[]},&quot;_transform_scale_effect_hover_mobile&quot;:{&quot;unit&quot;:&quot;px&quot;,&quot;size&quot;:&quot;&quot;,&quot;sizes&quot;:[]}}\" data-widget_type=\"image.default\">\n\t\t\t\t\t\t\t\t\t\t\t\t\t\t\t<img fetchpriority=\"high\" decoding=\"async\" width=\"960\" height=\"960\" src=\"https:\/\/hairbrazil.co\/wp-content\/uploads\/2025\/11\/Deca-about-us-Image-2-1024x1024.png\" class=\"attachment-large size-large wp-image-2546\" alt=\"\" srcset=\"https:\/\/hairbrazil.co\/wp-content\/uploads\/2025\/11\/Deca-about-us-Image-2-1024x1024.png 1024w, https:\/\/hairbrazil.co\/wp-content\/uploads\/2025\/11\/Deca-about-us-Image-2-300x300.png 300w, https:\/\/hairbrazil.co\/wp-content\/uploads\/2025\/11\/Deca-about-us-Image-2-150x150.png 150w, https:\/\/hairbrazil.co\/wp-content\/uploads\/2025\/11\/Deca-about-us-Image-2-768x768.png 768w, https:\/\/hairbrazil.co\/wp-content\/uploads\/2025\/11\/Deca-about-us-Image-2-450x450.png 450w, https:\/\/hairbrazil.co\/wp-content\/uploads\/2025\/11\/Deca-about-us-Image-2-90x90.png 90w, https:\/\/hairbrazil.co\/wp-content\/uploads\/2025\/11\/Deca-about-us-Image-2-600x600.png 600w, https:\/\/hairbrazil.co\/wp-content\/uploads\/2025\/11\/Deca-about-us-Image-2-54x54.png 54w, https:\/\/hairbrazil.co\/wp-content\/uploads\/2025\/11\/Deca-about-us-Image-2.png 1080w\" sizes=\"(max-width: 960px) 100vw, 960px\" \/>\t\t\t\t\t\t\t\t\t\t\t\t\t\t\t<\/div>\n\t\t\t\t\t<\/div>\n\t\t<\/div>\n\t\t\t\t<div class=\"elementor-column elementor-col-33 elementor-top-column elementor-element elementor-element-5b412cc\" data-id=\"5b412cc\" data-element_type=\"column\" data-e-type=\"column\">\n\t\t\t<div class=\"elementor-widget-wrap elementor-element-populated\">\n\t\t\t\t\t\t<div class=\"elementor-element elementor-element-35e07c9 elementor-widget elementor-widget-heading\" data-id=\"35e07c9\" data-element_type=\"widget\" data-e-type=\"widget\" data-widget_type=\"heading.default\">\n\t\t\t\t\t<h2 class=\"elementor-heading-title elementor-size-default\">\"Hoje, temos orgulho de distribuir nosso incr\u00edvel cat\u00e1logo de produtos no Reino Unido e na Europa\"<\/h2>\t\t\t\t<\/div>\n\t\t\t\t<div class=\"elementor-element elementor-element-d681975 elementor-widget elementor-widget-heading\" data-id=\"d681975\" data-element_type=\"widget\" data-e-type=\"widget\" data-widget_type=\"heading.default\">\n\t\t\t\t\t<p class=\"elementor-heading-title elementor-size-default\">A hist\u00f3ria da Hair Brazil Cosmetics come\u00e7ou com uma ideia simples: conectar o poder dos cuidados com os cabelos brasileiros com clientes e profissionais em toda a Europa. Depois de anos trabalhando no setor de TV e vendo inova\u00e7\u00f5es de beleza em todo o mundo, percebi que faltava algo. Alguns dos produtos para cabelos brasileiros mais eficazes e de alta qualidade eram incrivelmente dif\u00edceis de encontrar e eu queria mudar isso.\n\n\n\nEnt\u00e3o, em 2016, comecei a \"Hair Brazil Cosmetics\" com a Platinum Mask. Na verdade, a Hair Brazil Cosmetics surgiu durante o per\u00edodo em que o mercado brasileiro de queratina estava transformando o setor de beleza e foi essa revolu\u00e7\u00e3o global que me inspirou a atender \u00e0s necessidades dos sal\u00f5es de beleza e dos clientes de cuidados di\u00e1rios em casa, criando produtos de n\u00edvel profissional com a experi\u00eancia brasileira e a riqueza natural.<\/p>\t\t\t\t<\/div>\n\t\t\t\t<div class=\"elementor-element elementor-element-4c48edf elementor-widget__width-initial elementor-widget elementor-widget-heading\" data-id=\"4c48edf\" data-element_type=\"widget\" data-e-type=\"widget\" data-widget_type=\"heading.default\">\n\t\t\t\t\t<p class=\"elementor-heading-title elementor-size-default\">\"Dei os primeiros passos e lancei a empresa com apenas um produto\"<\/p>\t\t\t\t<\/div>\n\t\t\t\t<div class=\"elementor-element elementor-element-15dc406 elementor-widget elementor-widget-heading\" data-id=\"15dc406\" data-element_type=\"widget\" data-e-type=\"widget\" data-widget_type=\"heading.default\">\n\t\t\t\t\t<p class=\"elementor-heading-title elementor-size-default\">O que come\u00e7ou pequeno cresceu rapidamente. Em 2019, expandimos nossa linha com novos tratamentos, incluindo nossa queratina org\u00e2nica, a m\u00e1scara de prote\u00edna SOS e o xampu e condicionador P\u00f3s Progress. Cada nova f\u00f3rmula trazia a mesma miss\u00e3o: oferecer resultados confi\u00e1veis e transformadores inspirados na beleza natural do Brasil e na avan\u00e7ada tecnologia capilar.<\/p>\t\t\t\t<\/div>\n\t\t\t\t<div class=\"elementor-element elementor-element-30c846c elementor-widget__width-initial elementor-widget elementor-widget-heading\" data-id=\"30c846c\" data-element_type=\"widget\" data-e-type=\"widget\" data-widget_type=\"heading.default\">\n\t\t\t\t\t<p class=\"elementor-heading-title elementor-size-default\">\"Nossa cole\u00e7\u00e3o se transformou em um cat\u00e1logo completo\"<\/p>\t\t\t\t<\/div>\n\t\t\t\t<div class=\"elementor-element elementor-element-cf47ef6 elementor-widget elementor-widget-heading\" data-id=\"cf47ef6\" data-element_type=\"widget\" data-e-type=\"widget\" data-widget_type=\"heading.default\">\n\t\t\t\t\t<p class=\"elementor-heading-title elementor-size-default\">Em agosto de 2023, entramos em um novo e empolgante cap\u00edtulo. Com uma identidade de marca renovada, um novo logotipo e um cat\u00e1logo ampliado, a Hair Brazil Cosmetics evoluiu para uma cole\u00e7\u00e3o completa de cuidados com os cabelos, dispon\u00edvel para profissionais de cuidados dom\u00e9sticos e de sal\u00f5es de beleza. Nosso foco continuou sendo a qualidade, o desempenho e as f\u00f3rmulas adequadas para todos os tipos de cabelo.<\/p>\t\t\t\t<\/div>\n\t\t\t\t\t<\/div>\n\t\t<\/div>\n\t\t\t\t<div class=\"elementor-column elementor-col-33 elementor-top-column elementor-element elementor-element-2ec76d4\" data-id=\"2ec76d4\" data-element_type=\"column\" data-e-type=\"column\">\n\t\t\t<div class=\"elementor-widget-wrap elementor-element-populated\">\n\t\t\t\t\t\t<div class=\"elementor-element elementor-element-dabb715 elementor-widget__width-initial elementor-widget elementor-widget-heading\" data-id=\"dabb715\" data-element_type=\"widget\" data-e-type=\"widget\" data-widget_type=\"heading.default\">\n\t\t\t\t\t<p class=\"elementor-heading-title elementor-size-default\">\"O cliente come\u00e7ou a se apaixonar pelos resultados\"<\/p>\t\t\t\t<\/div>\n\t\t\t\t<div class=\"elementor-element elementor-element-7503ccc elementor-widget elementor-widget-heading\" data-id=\"7503ccc\" data-element_type=\"widget\" data-e-type=\"widget\" data-widget_type=\"heading.default\">\n\t\t\t\t\t<p class=\"elementor-heading-title elementor-size-default\">\u00c0 medida que clientes e estilistas come\u00e7aram a experimentar melhorias reais - texturas mais suaves, cabelos mais saud\u00e1veis, brilho duradouro - o feedback positivo alimentou nosso crescimento. Hoje, nosso cat\u00e1logo abrange desde produtos essenciais para o dia a dia at\u00e9 tratamentos espec\u00edficos, todos projetados para levar a inova\u00e7\u00e3o dos sal\u00f5es brasileiros diretamente aos clientes europeus.<\/p>\t\t\t\t<\/div>\n\t\t\t\t<div class=\"elementor-element elementor-element-a4ccab2 elementor-widget__width-initial elementor-widget elementor-widget-heading\" data-id=\"a4ccab2\" data-element_type=\"widget\" data-e-type=\"widget\" data-widget_type=\"heading.default\">\n\t\t\t\t\t<p class=\"elementor-heading-title elementor-size-default\">\u201cHoje, temos orgulho de distribuir nosso incr\u00edvel cat\u00e1logo de produtos no Reino Unido e na Europa\u201d<\/p>\t\t\t\t<\/div>\n\t\t\t\t<div class=\"elementor-element elementor-element-b428976 elementor-widget elementor-widget-heading\" data-id=\"b428976\" data-element_type=\"widget\" data-e-type=\"widget\" data-widget_type=\"heading.default\">\n\t\t\t\t\t<p class=\"elementor-heading-title elementor-size-default\">O que come\u00e7ou como um sonho de um \u00fanico produto \u00e9 agora uma marca confi\u00e1vel e em expans\u00e3o, apoiada por laborat\u00f3rios especializados, qu\u00edmicos, colaboradores, fornecedores e profissionais dedicados ao cabelo. Juntos, criamos f\u00f3rmulas tecnologicamente avan\u00e7adas e com base cient\u00edfica que proporcionam resultados que as pessoas realmente adoram.\nA Hair Brazil Cosmetics continua comprometida com a inova\u00e7\u00e3o, a qualidade e a felicidade de cada cliente que atendemos. Nosso futuro \u00e9 brilhante - guiado pela paix\u00e3o, moldado pela experi\u00eancia e inspirado pelo esp\u00edrito vibrante do Brasil.<\/p>\t\t\t\t<\/div>\n\t\t\t\t<div class=\"elementor-element elementor-element-69b68d3 elementor-widget__width-initial elementor-widget elementor-widget-heading\" data-id=\"69b68d3\" data-element_type=\"widget\" data-e-type=\"widget\" data-widget_type=\"heading.default\">\n\t\t\t\t\t<p class=\"elementor-heading-title elementor-size-default\">\"Olhando para o futuro com entusiasmo\"<\/p>\t\t\t\t<\/div>\n\t\t\t\t<div class=\"elementor-element elementor-element-aabd3d9 elementor-widget elementor-widget-heading\" data-id=\"aabd3d9\" data-element_type=\"widget\" data-e-type=\"widget\" data-widget_type=\"heading.default\">\n\t\t\t\t\t<p class=\"elementor-heading-title elementor-size-default\">Olhando para o futuro, a Hair Brazil Cosmetics continua dedicada \u00e0 inova\u00e7\u00e3o, ao crescimento e \u00e0 excel\u00eancia. Nossa meta \u00e9 expandir nossa presen\u00e7a global, avan\u00e7ar no desenvolvimento de nossos produtos e continuar a oferecer resultados excepcionais que inspirem confian\u00e7a e fidelidade. O futuro \u00e9 brilhante - impulsionado pela paix\u00e3o, guiado pela inova\u00e7\u00e3o e focado na felicidade de cada cliente que atendemos.<\/p>\t\t\t\t<\/div>\n\t\t\t\t<div class=\"elementor-element elementor-element-7e59428 elementor-widget elementor-widget-menu-anchor\" data-id=\"7e59428\" data-element_type=\"widget\" data-e-type=\"widget\" data-widget_type=\"menu-anchor.default\">\n\t\t\t\t\t\t\t<div class=\"elementor-menu-anchor\" id=\"affiliate\"><\/div>\n\t\t\t\t\t\t<\/div>\n\t\t\t\t\t<\/div>\n\t\t<\/div>\n\t\t\t\t\t<\/div>\n\t\t<\/section>\n\t\t\t\t<section class=\"elementor-section elementor-top-section elementor-element elementor-element-5848ccc elementor-section-content-middle elementor-section-boxed elementor-section-height-default elementor-section-height-default\" data-id=\"5848ccc\" data-element_type=\"section\" data-e-type=\"section\">\n\t\t\t\t\t\t<div class=\"elementor-container elementor-column-gap-extended\">\n\t\t\t\t\t<div class=\"elementor-column elementor-col-25 elementor-top-column elementor-element elementor-element-2d83ee4\" data-id=\"2d83ee4\" data-element_type=\"column\" data-e-type=\"column\">\n\t\t\t<div class=\"elementor-widget-wrap elementor-element-populated\">\n\t\t\t\t\t\t<div class=\"elementor-element elementor-element-e17ca44 elementor-widget elementor-widget-heading\" data-id=\"e17ca44\" data-element_type=\"widget\" data-e-type=\"widget\" data-widget_type=\"heading.default\">\n\t\t\t\t\t<h2 class=\"elementor-heading-title elementor-size-default\">Interessado em saber mais sobre nossas oportunidades Pro Line?<\/h2>\t\t\t\t<\/div>\n\t\t\t\t<div class=\"elementor-element elementor-element-eca1e4b elementor-widget elementor-widget-heading\" data-id=\"eca1e4b\" data-element_type=\"widget\" data-e-type=\"widget\" data-widget_type=\"heading.default\">\n\t\t\t\t\t<p class=\"elementor-heading-title elementor-size-default\">Eleve o n\u00edvel do seu sal\u00e3o com a Hair Brazil Cosmetics - uma linha premium de cuidados com os cabelos que combina a riqueza dos ingredientes brasileiros com inova\u00e7\u00e3o cient\u00edfica avan\u00e7ada. Nossos produtos profissionais proporcionam resultados vis\u00edveis: textura mais suave, brilho duradouro e cabelos mais fortes e saud\u00e1veis que suas clientes perceber\u00e3o instantaneamente.\n<\/p>\t\t\t\t<\/div>\n\t\t\t\t<div class=\"elementor-element elementor-element-87f6a45 elementor-widget elementor-widget-heading\" data-id=\"87f6a45\" data-element_type=\"widget\" data-e-type=\"widget\" data-widget_type=\"heading.default\">\n\t\t\t\t\t<p class=\"elementor-heading-title elementor-size-default\">A parceria com a Hair Brazil significa oferecer excel\u00eancia. Nossas f\u00f3rmulas s\u00e3o projetadas para o desempenho, ajudando os estilistas a obter resultados perfeitos e, ao mesmo tempo, aumentando a satisfa\u00e7\u00e3o e a fidelidade do cliente.<br><br>\nJunte-se \u00e0 nossa crescente rede de sal\u00f5es de beleza no Reino Unido e na Europa e desfrute de benef\u00edcios exclusivos, suporte profissional e acesso a produtos premiados que diferenciam seus servi\u00e7os\n\n<\/p>\t\t\t\t<\/div>\n\t\t\t\t<div class=\"elementor-element elementor-element-f5f1405 elementor-widget__width-initial elementor-widget elementor-widget-heading\" data-id=\"f5f1405\" data-element_type=\"widget\" data-e-type=\"widget\" data-widget_type=\"heading.default\">\n\t\t\t\t\t<p class=\"elementor-heading-title elementor-size-default\">Entre em contato hoje mesmo e descubra como a Hair Brazil Cosmetics pode ajudar seu sal\u00e3o a crescer lindamente.<\/p>\t\t\t\t<\/div>\n\t\t\t\t<div class=\"elementor-element elementor-element-3ae5fad e-transform elementor-widget elementor-widget-cosmetsy-button\" data-id=\"3ae5fad\" data-element_type=\"widget\" data-e-type=\"widget\" data-settings=\"{&quot;_transform_scaleX_effect&quot;:{&quot;unit&quot;:&quot;px&quot;,&quot;size&quot;:&quot;&quot;,&quot;sizes&quot;:[]},&quot;_transform_scaleX_effect_tablet&quot;:{&quot;unit&quot;:&quot;px&quot;,&quot;size&quot;:&quot;&quot;,&quot;sizes&quot;:[]},&quot;_transform_scaleX_effect_mobile&quot;:{&quot;unit&quot;:&quot;px&quot;,&quot;size&quot;:&quot;&quot;,&quot;sizes&quot;:[]},&quot;_transform_scaleY_effect&quot;:{&quot;unit&quot;:&quot;px&quot;,&quot;size&quot;:&quot;&quot;,&quot;sizes&quot;:[]},&quot;_transform_scaleY_effect_tablet&quot;:{&quot;unit&quot;:&quot;px&quot;,&quot;size&quot;:&quot;&quot;,&quot;sizes&quot;:[]},&quot;_transform_scaleY_effect_mobile&quot;:{&quot;unit&quot;:&quot;px&quot;,&quot;size&quot;:&quot;&quot;,&quot;sizes&quot;:[]}}\" data-widget_type=\"cosmetsy-button.default\">\n\t\t\t\t<div class=\"elementor-widget-container\">\n\t\t\t\t\t<div class=\"cosmetsy-button\"><a class=\"button light medium wide cosmetsy-btn\" href=\"#\">Contato <\/a><\/div>\t\t\t\t<\/div>\n\t\t\t\t<\/div>\n\t\t\t\t\t<\/div>\n\t\t<\/div>\n\t\t\t\t<div class=\"elementor-column elementor-col-25 elementor-top-column elementor-element elementor-element-48042a0\" data-id=\"48042a0\" data-element_type=\"column\" data-e-type=\"column\">\n\t\t\t<div class=\"elementor-widget-wrap\">\n\t\t\t\t\t\t\t<\/div>\n\t\t<\/div>\n\t\t\t\t<div class=\"elementor-column elementor-col-50 elementor-top-column elementor-element elementor-element-c2e97f6\" data-id=\"c2e97f6\" data-element_type=\"column\" data-e-type=\"column\">\n\t\t\t<div class=\"elementor-widget-wrap elementor-element-populated\">\n\t\t\t\t\t\t<div class=\"elementor-element elementor-element-2a387e0 e-transform elementor-widget elementor-widget-image\" data-id=\"2a387e0\" data-element_type=\"widget\" data-e-type=\"widget\" data-settings=\"{&quot;_transform_scale_effect_hover&quot;:{&quot;unit&quot;:&quot;px&quot;,&quot;size&quot;:1.1,&quot;sizes&quot;:[]},&quot;_transform_scale_effect_hover_tablet&quot;:{&quot;unit&quot;:&quot;px&quot;,&quot;size&quot;:&quot;&quot;,&quot;sizes&quot;:[]},&quot;_transform_scale_effect_hover_mobile&quot;:{&quot;unit&quot;:&quot;px&quot;,&quot;size&quot;:&quot;&quot;,&quot;sizes&quot;:[]}}\" data-widget_type=\"image.default\">\n\t\t\t\t\t\t\t\t\t\t\t\t\t\t\t<img decoding=\"async\" width=\"760\" height=\"828\" src=\"https:\/\/hairbrazil.co\/wp-content\/uploads\/2025\/11\/Hair-Stylist-photo-1.png\" class=\"attachment-large size-large wp-image-2294\" alt=\"\" srcset=\"https:\/\/hairbrazil.co\/wp-content\/uploads\/2025\/11\/Hair-Stylist-photo-1.png 760w, https:\/\/hairbrazil.co\/wp-content\/uploads\/2025\/11\/Hair-Stylist-photo-1-275x300.png 275w, https:\/\/hairbrazil.co\/wp-content\/uploads\/2025\/11\/Hair-Stylist-photo-1-600x654.png 600w, https:\/\/hairbrazil.co\/wp-content\/uploads\/2025\/11\/Hair-Stylist-photo-1-50x54.png 50w\" sizes=\"(max-width: 760px) 100vw, 760px\" \/>\t\t\t\t\t\t\t\t\t\t\t\t\t\t\t<\/div>\n\t\t\t\t\t<\/div>\n\t\t<\/div>\n\t\t\t\t\t<\/div>\n\t\t<\/section>\n\t\t\t\t<section class=\"elementor-section elementor-top-section elementor-element elementor-element-ecd8a22 elementor-section-content-middle elementor-section-boxed elementor-section-height-default elementor-section-height-default\" data-id=\"ecd8a22\" data-element_type=\"section\" data-e-type=\"section\">\n\t\t\t\t\t\t<div class=\"elementor-container elementor-column-gap-extended\">\n\t\t\t\t\t<div class=\"elementor-column elementor-col-50 elementor-top-column elementor-element elementor-element-c472bc6\" data-id=\"c472bc6\" data-element_type=\"column\" data-e-type=\"column\">\n\t\t\t<div class=\"elementor-widget-wrap elementor-element-populated\">\n\t\t\t\t\t\t<div class=\"elementor-element elementor-element-9597d0f e-transform elementor-widget elementor-widget-image\" data-id=\"9597d0f\" data-element_type=\"widget\" data-e-type=\"widget\" data-settings=\"{&quot;_transform_scale_effect_hover&quot;:{&quot;unit&quot;:&quot;px&quot;,&quot;size&quot;:1.1,&quot;sizes&quot;:[]},&quot;_transform_scale_effect_hover_tablet&quot;:{&quot;unit&quot;:&quot;px&quot;,&quot;size&quot;:&quot;&quot;,&quot;sizes&quot;:[]},&quot;_transform_scale_effect_hover_mobile&quot;:{&quot;unit&quot;:&quot;px&quot;,&quot;size&quot;:&quot;&quot;,&quot;sizes&quot;:[]}}\" data-widget_type=\"image.default\">\n\t\t\t\t\t\t\t\t\t\t\t\t\t\t\t<img decoding=\"async\" width=\"760\" height=\"828\" src=\"https:\/\/hairbrazil.co\/wp-content\/uploads\/2025\/11\/affiliate-sales.png\" class=\"attachment-large size-large wp-image-2295\" alt=\"\" srcset=\"https:\/\/hairbrazil.co\/wp-content\/uploads\/2025\/11\/affiliate-sales.png 760w, https:\/\/hairbrazil.co\/wp-content\/uploads\/2025\/11\/affiliate-sales-275x300.png 275w, https:\/\/hairbrazil.co\/wp-content\/uploads\/2025\/11\/affiliate-sales-600x654.png 600w, https:\/\/hairbrazil.co\/wp-content\/uploads\/2025\/11\/affiliate-sales-50x54.png 50w\" sizes=\"(max-width: 760px) 100vw, 760px\" \/>\t\t\t\t\t\t\t\t\t\t\t\t\t\t\t<\/div>\n\t\t\t\t\t<\/div>\n\t\t<\/div>\n\t\t\t\t<div class=\"elementor-column elementor-col-25 elementor-top-column elementor-element elementor-element-2eabbc1\" data-id=\"2eabbc1\" data-element_type=\"column\" data-e-type=\"column\">\n\t\t\t<div class=\"elementor-widget-wrap\">\n\t\t\t\t\t\t\t<\/div>\n\t\t<\/div>\n\t\t\t\t<div class=\"elementor-column elementor-col-25 elementor-top-column elementor-element elementor-element-1be5060\" data-id=\"1be5060\" data-element_type=\"column\" data-e-type=\"column\">\n\t\t\t<div class=\"elementor-widget-wrap elementor-element-populated\">\n\t\t\t\t\t\t<div class=\"elementor-element elementor-element-e4943e2 elementor-widget elementor-widget-heading\" data-id=\"e4943e2\" data-element_type=\"widget\" data-e-type=\"widget\" data-widget_type=\"heading.default\">\n\t\t\t\t\t<h2 class=\"elementor-heading-title elementor-size-default\">Oportunidades interessantes na Hair Brazil Cosmetics!\n<\/h2>\t\t\t\t<\/div>\n\t\t\t\t<div class=\"elementor-element elementor-element-fa792c0 elementor-widget elementor-widget-heading\" data-id=\"fa792c0\" data-element_type=\"widget\" data-e-type=\"widget\" data-widget_type=\"heading.default\">\n\t\t\t\t\t<p class=\"elementor-heading-title elementor-size-default\">Estamos expandindo em toda a Europa e convidando profissionais de beleza apaixonados para se juntarem \u00e0 nossa crescente rede de distribuidores e representantes de marcas. Esta \u00e9 a sua chance de fazer parceria com um dos nomes mais din\u00e2micos em cuidados com os cabelos no Brasil e levar produtos premiados e de alto desempenho para sal\u00f5es e clientes em sua regi\u00e3o.\n<\/p>\t\t\t\t<\/div>\n\t\t\t\t<div class=\"elementor-element elementor-element-da4eeb8 elementor-widget elementor-widget-heading\" data-id=\"da4eeb8\" data-element_type=\"widget\" data-e-type=\"widget\" data-widget_type=\"heading.default\">\n\t\t\t\t\t<p class=\"elementor-heading-title elementor-size-default\">Se voc\u00ea \u00e9 motivado, conectado com o setor de cabelos e beleza e est\u00e1 pronto para crescer com uma marca premium, queremos saber de voc\u00ea. Oportunidades limitadas de parceria est\u00e3o dispon\u00edveis - n\u00e3o perca a chance de fazer parte da hist\u00f3ria de sucesso da Hair Brazil na Europa.\n\n<\/p>\t\t\t\t<\/div>\n\t\t\t\t<div class=\"elementor-element elementor-element-845c0ff elementor-widget__width-initial elementor-widget elementor-widget-heading\" data-id=\"845c0ff\" data-element_type=\"widget\" data-e-type=\"widget\" data-widget_type=\"heading.default\">\n\t\t\t\t\t<p class=\"elementor-heading-title elementor-size-default\">Entre em contato hoje mesmo e fa\u00e7a parte de nossa jornada para redefinir os cuidados profissionais com os cabelos em toda a Europa.<\/p>\t\t\t\t<\/div>\n\t\t\t\t<div class=\"elementor-element elementor-element-8ec1d54 e-transform elementor-widget elementor-widget-cosmetsy-button\" data-id=\"8ec1d54\" data-element_type=\"widget\" data-e-type=\"widget\" data-settings=\"{&quot;_transform_scaleX_effect&quot;:{&quot;unit&quot;:&quot;px&quot;,&quot;size&quot;:&quot;&quot;,&quot;sizes&quot;:[]},&quot;_transform_scaleX_effect_tablet&quot;:{&quot;unit&quot;:&quot;px&quot;,&quot;size&quot;:&quot;&quot;,&quot;sizes&quot;:[]},&quot;_transform_scaleX_effect_mobile&quot;:{&quot;unit&quot;:&quot;px&quot;,&quot;size&quot;:&quot;&quot;,&quot;sizes&quot;:[]},&quot;_transform_scaleY_effect&quot;:{&quot;unit&quot;:&quot;px&quot;,&quot;size&quot;:&quot;&quot;,&quot;sizes&quot;:[]},&quot;_transform_scaleY_effect_tablet&quot;:{&quot;unit&quot;:&quot;px&quot;,&quot;size&quot;:&quot;&quot;,&quot;sizes&quot;:[]},&quot;_transform_scaleY_effect_mobile&quot;:{&quot;unit&quot;:&quot;px&quot;,&quot;size&quot;:&quot;&quot;,&quot;sizes&quot;:[]}}\" data-widget_type=\"cosmetsy-button.default\">\n\t\t\t\t<div class=\"elementor-widget-container\">\n\t\t\t\t\t<div class=\"cosmetsy-button\"><a class=\"button light medium wide cosmetsy-btn\" href=\"#\">Contato <\/a><\/div>\t\t\t\t<\/div>\n\t\t\t\t<\/div>\n\t\t\t\t\t<\/div>\n\t\t<\/div>\n\t\t\t\t\t<\/div>\n\t\t<\/section>\n\t\t\t\t<\/div>","protected":false},"excerpt":{"rendered":"<p>About Hair Brazil Cosmetics From the Heart of Brazil to Your Hair. &#8220;Today we proudly distribute our amazing product catalogue across the UK and Europe&#8221; The story of Hair Brazil Cosmetics began with a simple idea: to connect the power of Brazilian hair care with clients and professionals across Europe. After years working in the<\/p>\n<div class=\"klb-readmore entry-button\"><a class=\"button light alt medium\" href=\"https:\/\/hairbrazil.co\/pt\/about-us\/\">Leia mais<\/a><\/div>","protected":false},"author":1,"featured_media":0,"parent":0,"menu_order":0,"comment_status":"closed","ping_status":"closed","template":"","meta":{"footnotes":""},"class_list":["post-925","page","type-page","status-publish","hentry"],"_hostinger_reach_plugin_has_subscription_block":false,"_hostinger_reach_plugin_is_elementor":false,"jetpack_sharing_enabled":true,"_links":{"self":[{"href":"https:\/\/hairbrazil.co\/pt\/wp-json\/wp\/v2\/pages\/925","targetHints":{"allow":["GET"]}}],"collection":[{"href":"https:\/\/hairbrazil.co\/pt\/wp-json\/wp\/v2\/pages"}],"about":[{"href":"https:\/\/hairbrazil.co\/pt\/wp-json\/wp\/v2\/types\/page"}],"author":[{"embeddable":true,"href":"https:\/\/hairbrazil.co\/pt\/wp-json\/wp\/v2\/users\/1"}],"replies":[{"embeddable":true,"href":"https:\/\/hairbrazil.co\/pt\/wp-json\/wp\/v2\/comments?post=925"}],"version-history":[{"count":97,"href":"https:\/\/hairbrazil.co\/pt\/wp-json\/wp\/v2\/pages\/925\/revisions"}],"predecessor-version":[{"id":2721,"href":"https:\/\/hairbrazil.co\/pt\/wp-json\/wp\/v2\/pages\/925\/revisions\/2721"}],"wp:attachment":[{"href":"https:\/\/hairbrazil.co\/pt\/wp-json\/wp\/v2\/media?parent=925"}],"curies":[{"name":"wp","href":"https:\/\/api.w.org\/{rel}","templated":true}]}}